{"id":6155,"date":"2019-10-16T14:46:56","date_gmt":"2019-10-16T12:46:56","guid":{"rendered":"https:\/\/www.feuerwehr-matzen.at\/?page_id=6155"},"modified":"2020-09-18T14:15:23","modified_gmt":"2020-09-18T12:15:23","slug":"6155-2","status":"publish","type":"page","link":"https:\/\/www.feuerwehr-matzen.at\/?page_id=6155","title":{"rendered":"15. Oktober 2019"},"content":{"rendered":"<p><strong>Sauergas\u00fcbung<\/strong><a title=\"\u00dcbungen 2019\" href=\"https:\/\/www.feuerwehr-matzen.at\/?page_id=5732\"><img loading=\"lazy\" decoding=\"async\" class=\"alignright size-full wp-image-1833\" src=\"https:\/\/www.feuerwehr-matzen.at\/wp-content\/uploads\/2013\/07\/return.jpg\" alt=\"return\" width=\"65\" height=\"30\" \/><\/a><\/p>\n<p>Am 15. Oktober 2019 fand um 19:00 die j\u00e4hrliche Sauergas\u00fcbung der OMV statt. \u00dcbungsannahme war ein Gasaustritt auf der Schieberstation Deutsch Wagram mit verletzten sowie vermissten Personen. Bei einem St\u00f6rfall kommt es zu einem sogenannten \u201eShut Down\u201c. Hierbei wird der betroffene Abschnitt der Sauergasleitung druckfrei gemacht, indem das Sauergas auf den Anlagen \u201eAbgefackelt\u201c wird. Bei diesem \u201eShut Down\u201c werden die f\u00fcr die Anlage zugewiesenen Feuerwehren laut Sauergasalarmplan alarmiert und stellen den Brandschutz rund um die Anlage, da es beim abfackeln des Sauergases durch Funkenflug zu Sekund\u00e4rbr\u00e4nden kommen k\u00f6nnte. Die Feuerwehr Matzen ist f\u00fcr die Station ST62 kurz vor G\u00e4nserndorf zust\u00e4ndig. Nach der Alarmierung zur Sauergas\u00fcbung r\u00fcckten 13 Kameraden der Feuerwehr Matzen mit 2 Fahrzeugen zu ihrer Station aus. Annahme war ein Sekund\u00e4rbrand neben der Anlage, der mittels Schaum gel\u00f6scht werden musste. Binnen k\u00fcrzester Zeit konnte der markierte Bereich mit L\u00f6schschaum bedeckt werden. Nachdem alle Aufgaben abgearbeitet wurden fanden sich alle eingesetzten Einsatzkr\u00e4fte im Gasthaus Sommer in Auersthal zur Nachbesprechung ein. <\/p>\n<p><a href=\"https:\/\/www.feuerwehr-matzen.at\/wp-content\/uploads\/2019\/10\/P1000295.jpg\"><img loading=\"lazy\" decoding=\"async\" src=\"https:\/\/www.feuerwehr-matzen.at\/wp-content\/uploads\/2019\/10\/P1000295-150x150.jpg\" alt=\"\" width=\"150\" height=\"150\" class=\"alignleft size-thumbnail wp-image-6174\" \/><\/a><\/p>\n<p><a href=\"https:\/\/www.feuerwehr-matzen.at\/wp-content\/uploads\/2019\/10\/P1000301.jpg\"><img loading=\"lazy\" decoding=\"async\" src=\"https:\/\/www.feuerwehr-matzen.at\/wp-content\/uploads\/2019\/10\/P1000301-150x150.jpg\" alt=\"\" width=\"150\" height=\"150\" class=\"alignleft size-thumbnail wp-image-6175\" \/><\/a><\/p>\n<p><a href=\"https:\/\/www.feuerwehr-matzen.at\/wp-content\/uploads\/2019\/10\/P1000314.jpg\"><img loading=\"lazy\" decoding=\"async\" src=\"https:\/\/www.feuerwehr-matzen.at\/wp-content\/uploads\/2019\/10\/P1000314-150x150.jpg\" alt=\"\" width=\"150\" height=\"150\" class=\"alignleft size-thumbnail wp-image-6176\" \/><\/a><\/p>\n<p><a href=\"https:\/\/www.feuerwehr-matzen.at\/wp-content\/uploads\/2019\/10\/P1000325.jpg\"><img loading=\"lazy\" decoding=\"async\" src=\"https:\/\/www.feuerwehr-matzen.at\/wp-content\/uploads\/2019\/10\/P1000325-150x150.jpg\" alt=\"\" width=\"150\" height=\"150\" class=\"alignleft size-thumbnail wp-image-6177\" \/><\/a><\/p>\n","protected":false},"excerpt":{"rendered":"<p>Sauergas\u00fcbung Am 15. Oktober 2019 fand um 19:00 die j\u00e4hrliche Sauergas\u00fcbung der OMV statt. \u00dcbungsannahme war ein Gasaustritt auf der Schieberstation Deutsch Wagram mit verletzten sowie vermissten Personen. Bei einem St\u00f6rfall kommt es zu einem sogenannten \u201eShut Down\u201c. Hierbei wird <a class=\"more-link\" href=\"https:\/\/www.feuerwehr-matzen.at\/?page_id=6155\">weiterlesen  <span class=\"screen-reader-text\">  15. Oktober 2019<\/span><span class=\"meta-nav\">&rarr;<\/span><\/a><\/p>\n","protected":false},"author":6,"featured_media":0,"parent":0,"menu_order":0,"comment_status":"closed","ping_status":"closed","template":"","meta":{"footnotes":""},"class_list":["post-6155","page","type-page","status-publish","hentry"],"_links":{"self":[{"href":"https:\/\/www.feuerwehr-matzen.at\/index.php?rest_route=\/wp\/v2\/pages\/6155","targetHints":{"allow":["GET"]}}],"collection":[{"href":"https:\/\/www.feuerwehr-matzen.at\/index.php?rest_route=\/wp\/v2\/pages"}],"about":[{"href":"https:\/\/www.feuerwehr-matzen.at\/index.php?rest_route=\/wp\/v2\/types\/page"}],"author":[{"embeddable":true,"href":"https:\/\/www.feuerwehr-matzen.at\/index.php?rest_route=\/wp\/v2\/users\/6"}],"replies":[{"embeddable":true,"href":"https:\/\/www.feuerwehr-matzen.at\/index.php?rest_route=%2Fwp%2Fv2%2Fcomments&post=6155"}],"version-history":[{"count":4,"href":"https:\/\/www.feuerwehr-matzen.at\/index.php?rest_route=\/wp\/v2\/pages\/6155\/revisions"}],"predecessor-version":[{"id":6178,"href":"https:\/\/www.feuerwehr-matzen.at\/index.php?rest_route=\/wp\/v2\/pages\/6155\/revisions\/6178"}],"wp:attachment":[{"href":"https:\/\/www.feuerwehr-matzen.at\/index.php?rest_route=%2Fwp%2Fv2%2Fmedia&parent=6155"}],"curies":[{"name":"wp","href":"https:\/\/api.w.org\/{rel}","templated":true}]}}