{"id":6159,"date":"2019-10-16T21:20:04","date_gmt":"2019-10-16T19:20:04","guid":{"rendered":"https:\/\/www.feuerwehr-matzen.at\/?page_id=6159"},"modified":"2020-09-18T14:15:23","modified_gmt":"2020-09-18T12:15:23","slug":"6159-2","status":"publish","type":"page","link":"https:\/\/www.feuerwehr-matzen.at\/?page_id=6159","title":{"rendered":"15. Oktober 2019"},"content":{"rendered":"<p><strong>Gro\u00dfbrand<\/strong><a title=\"Eins\u00e4tze\" href=\"https:\/\/www.feuerwehr-matzen.at\/?page_id=5620\"><img loading=\"lazy\" decoding=\"async\" class=\"alignright size-full wp-image-1833\" src=\"https:\/\/www.feuerwehr-matzen.at\/wp-content\/uploads\/2013\/07\/return.jpg\" alt=\"return\" width=\"65\" height=\"30\" \/><\/a><\/p>\n<p>Am 15. Oktober 2019 wurde die Feuerwehr Matzen um 10:12 Uhr mittels Sirenen, BlaulichtSMS und Pager zu einem Gro\u00dfbrand in Zistersdorf alarmiert. Auf der ortsans\u00e4ssigen M\u00fcllverarbeitungsanlage gerieten in den Morgenstunden rund 300 Tonnen Restm\u00fcll in Brand. Aufgrund der enormen Rauchentwicklung mussten die \u00f6rtlichen Einsatzkr\u00e4fte nachalarmieren. Insgesamt standen 21 Feuerwehren mit rund 120 Mann im Einsatz. Kurz nach der Alarmierung r\u00fcckten die Kameraden der Feuerwehr Matzen mit 8 Mann und 2 Fahrzeugen zum Einsatzort aus. Angekommen wurde der Atemschutztrupp an den Atemschutzsammelplatz \u00fcbergeben, von wo aus der Trupp zur Brandbek\u00e4mpfung in den Einsatz ging. Der Bagger der den brennenden M\u00fcll aus der Halle brachte musste abgel\u00f6scht werden. Die restliche Mannschaft bekam den Befehl zwei Schlauchleitungen zu legen. Nach rund 3 Stunden konnten die Matzner Florianij\u00fcnger wieder abr\u00fccken. Kurz nach 14 Uhr konnte die Einsatzbereitschaft wieder hergestellt werden. Die \u00f6rtlichen Feuerwehren waren noch etliche Stunden mit Nachl\u00f6scharbeiten besch\u00e4ftigt.<\/p>\n<p>Im Einsatz befindliche Fahrzeuge: RLF-A 2000,KDO<br \/>\nMannschaftsst\u00e4rke: 8<br \/>\nSonstige Einsatzkr\u00e4fte: 21 Feuerwehren, Rotes Kreuz, Polizei<\/p>\n<p><a href=\"https:\/\/www.feuerwehr-matzen.at\/wp-content\/uploads\/2019\/10\/P1000202.jpg\"><img loading=\"lazy\" decoding=\"async\" src=\"https:\/\/www.feuerwehr-matzen.at\/wp-content\/uploads\/2019\/10\/P1000202-150x150.jpg\" alt=\"\" width=\"150\" height=\"150\" class=\"alignleft size-thumbnail wp-image-6161\" \/><\/a><\/p>\n<p><a href=\"https:\/\/www.feuerwehr-matzen.at\/wp-content\/uploads\/2019\/10\/P1000203.jpg\"><img loading=\"lazy\" decoding=\"async\" src=\"https:\/\/www.feuerwehr-matzen.at\/wp-content\/uploads\/2019\/10\/P1000203-150x150.jpg\" alt=\"\" width=\"150\" height=\"150\" class=\"alignleft size-thumbnail wp-image-6162\" \/><\/a><\/p>\n<p><a href=\"https:\/\/www.feuerwehr-matzen.at\/wp-content\/uploads\/2019\/10\/P1000206.jpg\"><img loading=\"lazy\" decoding=\"async\" src=\"https:\/\/www.feuerwehr-matzen.at\/wp-content\/uploads\/2019\/10\/P1000206-150x150.jpg\" alt=\"\" width=\"150\" height=\"150\" class=\"alignleft size-thumbnail wp-image-6163\" \/><\/a><\/p>\n<p><a href=\"https:\/\/www.feuerwehr-matzen.at\/wp-content\/uploads\/2019\/10\/P1000219.jpg\"><img loading=\"lazy\" decoding=\"async\" src=\"https:\/\/www.feuerwehr-matzen.at\/wp-content\/uploads\/2019\/10\/P1000219-150x150.jpg\" alt=\"\" width=\"150\" height=\"150\" class=\"alignleft size-thumbnail wp-image-6164\" \/><\/a><\/p>\n<p><a href=\"https:\/\/www.feuerwehr-matzen.at\/wp-content\/uploads\/2019\/10\/P1000228.jpg\"><img loading=\"lazy\" decoding=\"async\" src=\"https:\/\/www.feuerwehr-matzen.at\/wp-content\/uploads\/2019\/10\/P1000228-150x150.jpg\" alt=\"\" width=\"150\" height=\"150\" class=\"alignleft size-thumbnail wp-image-6165\" \/><\/a><\/p>\n<p><a href=\"https:\/\/www.feuerwehr-matzen.at\/wp-content\/uploads\/2019\/10\/P1000233.jpg\"><img loading=\"lazy\" decoding=\"async\" src=\"https:\/\/www.feuerwehr-matzen.at\/wp-content\/uploads\/2019\/10\/P1000233-150x150.jpg\" alt=\"\" width=\"150\" height=\"150\" class=\"alignleft size-thumbnail wp-image-6166\" \/><\/a><\/p>\n<p><a href=\"https:\/\/www.feuerwehr-matzen.at\/wp-content\/uploads\/2019\/10\/P1000241.jpg\"><img loading=\"lazy\" decoding=\"async\" src=\"https:\/\/www.feuerwehr-matzen.at\/wp-content\/uploads\/2019\/10\/P1000241-150x150.jpg\" alt=\"\" width=\"150\" height=\"150\" class=\"alignleft size-thumbnail wp-image-6167\" \/><\/a><\/p>\n<p><a href=\"https:\/\/www.feuerwehr-matzen.at\/wp-content\/uploads\/2019\/10\/P1000253.jpg\"><img loading=\"lazy\" decoding=\"async\" src=\"https:\/\/www.feuerwehr-matzen.at\/wp-content\/uploads\/2019\/10\/P1000253-150x150.jpg\" alt=\"\" width=\"150\" height=\"150\" class=\"alignleft size-thumbnail wp-image-6168\" \/><\/a><\/p>\n<p><a href=\"https:\/\/www.feuerwehr-matzen.at\/wp-content\/uploads\/2019\/10\/P1000263.jpg\"><img loading=\"lazy\" decoding=\"async\" src=\"https:\/\/www.feuerwehr-matzen.at\/wp-content\/uploads\/2019\/10\/P1000263-150x150.jpg\" alt=\"\" width=\"150\" height=\"150\" class=\"alignleft size-thumbnail wp-image-6169\" \/><\/a><\/p>\n","protected":false},"excerpt":{"rendered":"<p>Gro\u00dfbrand Am 15. Oktober 2019 wurde die Feuerwehr Matzen um 10:12 Uhr mittels Sirenen, BlaulichtSMS und Pager zu einem Gro\u00dfbrand in Zistersdorf alarmiert. Auf der ortsans\u00e4ssigen M\u00fcllverarbeitungsanlage gerieten in den Morgenstunden rund 300 Tonnen Restm\u00fcll in Brand. Aufgrund der enormen <a class=\"more-link\" href=\"https:\/\/www.feuerwehr-matzen.at\/?page_id=6159\">weiterlesen  <span class=\"screen-reader-text\">  15. Oktober 2019<\/span><span class=\"meta-nav\">&rarr;<\/span><\/a><\/p>\n","protected":false},"author":6,"featured_media":0,"parent":0,"menu_order":0,"comment_status":"closed","ping_status":"closed","template":"","meta":{"footnotes":""},"class_list":["post-6159","page","type-page","status-publish","hentry"],"_links":{"self":[{"href":"https:\/\/www.feuerwehr-matzen.at\/index.php?rest_route=\/wp\/v2\/pages\/6159","targetHints":{"allow":["GET"]}}],"collection":[{"href":"https:\/\/www.feuerwehr-matzen.at\/index.php?rest_route=\/wp\/v2\/pages"}],"about":[{"href":"https:\/\/www.feuerwehr-matzen.at\/index.php?rest_route=\/wp\/v2\/types\/page"}],"author":[{"embeddable":true,"href":"https:\/\/www.feuerwehr-matzen.at\/index.php?rest_route=\/wp\/v2\/users\/6"}],"replies":[{"embeddable":true,"href":"https:\/\/www.feuerwehr-matzen.at\/index.php?rest_route=%2Fwp%2Fv2%2Fcomments&post=6159"}],"version-history":[{"count":4,"href":"https:\/\/www.feuerwehr-matzen.at\/index.php?rest_route=\/wp\/v2\/pages\/6159\/revisions"}],"predecessor-version":[{"id":6220,"href":"https:\/\/www.feuerwehr-matzen.at\/index.php?rest_route=\/wp\/v2\/pages\/6159\/revisions\/6220"}],"wp:attachment":[{"href":"https:\/\/www.feuerwehr-matzen.at\/index.php?rest_route=%2Fwp%2Fv2%2Fmedia&parent=6159"}],"curies":[{"name":"wp","href":"https:\/\/api.w.org\/{rel}","templated":true}]}}