{"id":6179,"date":"2019-10-26T20:52:20","date_gmt":"2019-10-26T18:52:20","guid":{"rendered":"https:\/\/www.feuerwehr-matzen.at\/?page_id=6179"},"modified":"2020-09-18T14:15:34","modified_gmt":"2020-09-18T12:15:34","slug":"26-oktober-2019","status":"publish","type":"page","link":"https:\/\/www.feuerwehr-matzen.at\/?page_id=6179","title":{"rendered":"26. Oktober 2019"},"content":{"rendered":"<p><strong>Ausbildungspr\u00fcfung<\/strong><a title=\"\u00dcbungen 2019\" href=\"https:\/\/www.feuerwehr-matzen.at\/?page_id=5732\"><img loading=\"lazy\" decoding=\"async\" class=\"alignright size-full wp-image-1833\" src=\"https:\/\/www.feuerwehr-matzen.at\/wp-content\/uploads\/2013\/07\/return.jpg\" alt=\"return\" width=\"65\" height=\"30\" \/><\/a><\/p>\n<p>Nach \u00fcber zweimonatiger Vorbereitungszeit traten 17 Kameraden der Freiwilligen Feuerwehr Matzen am Vormittag des 26. Oktobers 2019 zur Ausbildungspr\u00fcfung in Bronze und Gold an. Mitte August starteten die Florianij\u00fcnger mit der ersten Vorbereitungseinheit. Die Ausbildungspr\u00fcfung Technischer Einsatz unterst\u00fctzt die Ausbildung der Feuerwehrmitglieder und ist deshalb eine wichtige Voraussetzung f\u00fcr ein reibungsloses und zielf\u00fchrendes Zusammenarbeiten bei technischen Eins\u00e4tzen, wobei kein Wert auf das Erreichen von \u201eBestzeiten\u201c gelegt wird, sondern das die Teilnehmer eine sichere und exakte Leistung mit dem eigenem Fahrzeug und Ger\u00e4t erbringen um den Anforderungen im Einsatz entsprechen zu k\u00f6nnen. Bei dieser Pr\u00fcfung wird ein Verkehrsunfall mit eingeklemmter Person simuliert, wobei die Mannschaft aus 10 Personen durch sicheres Arbeiten die Menschenrettung durchf\u00fchrt. Dabei muss die Unfallstelle abgesichert, der Brandschutz und Beleuchtung aufgebaut und die Rettung mittels Spreitzer und Schere in einem vorgegebenem Zeitfenster durchgef\u00fchrt werden. Zus\u00e4tzlich m\u00fcssen definierte Ger\u00e4tschaften bei geschlossenen Rollos im Fahrzeug gefunden und erkl\u00e4rt werden. Neben den \u201etechnischen\u201c Herausforderungen m\u00fcssen die Teilnehmer ihr K\u00f6nnen auch in der Ersten Hilfe beweisen. W\u00e4hrend die Positionen in der Stufe Bronze fix vergeben sind, so werden in der Stufe Gold bis auf die beiden Maschinisten, die untereinander gelost werden, alle restlichen Positionen vor Beginn gezogen. In der Stufe Gold m\u00fcssen alle Teilnehmer au\u00dferdem 20 Fragen aus einem Fragenkatalog richtig beantworten. Unter den strengen Augen der Pr\u00fcfer konnten die beiden Gruppen die Ausbildungspr\u00fcfung mit Erfolg in der vorgegebenen Zeit absolvieren. Das Pr\u00fcferteam, sowie Feuerwehrkommandant HBI Neubauer Manfred gratulierten den Kameraden f\u00fcr die positiv abgelegten Pr\u00fcfungen und die gute Zusammenarbeit. Im Anschluss durften die stolzen Florianij\u00fcnger ihre Abzeichen von Bezirksfeuerwehrkommandant-Stellvertreter BR Jobst Robert entgegen nehmen.<\/p>\n<p><a href=\"https:\/\/www.feuerwehr-matzen.at\/wp-content\/uploads\/2019\/10\/P1000483.jpg\"><img loading=\"lazy\" decoding=\"async\" src=\"https:\/\/www.feuerwehr-matzen.at\/wp-content\/uploads\/2019\/10\/P1000483-150x150.jpg\" alt=\"\" width=\"150\" height=\"150\" class=\"alignleft size-thumbnail wp-image-6180\" \/><\/a><\/p>\n<p><a href=\"https:\/\/www.feuerwehr-matzen.at\/wp-content\/uploads\/2019\/10\/P1000494.jpg\"><img loading=\"lazy\" decoding=\"async\" src=\"https:\/\/www.feuerwehr-matzen.at\/wp-content\/uploads\/2019\/10\/P1000494-150x150.jpg\" alt=\"\" width=\"150\" height=\"150\" class=\"alignleft size-thumbnail wp-image-6181\" \/><\/a><\/p>\n<p><a href=\"https:\/\/www.feuerwehr-matzen.at\/wp-content\/uploads\/2019\/10\/P1000506.jpg\"><img loading=\"lazy\" decoding=\"async\" src=\"https:\/\/www.feuerwehr-matzen.at\/wp-content\/uploads\/2019\/10\/P1000506-150x150.jpg\" alt=\"\" width=\"150\" height=\"150\" class=\"alignleft size-thumbnail wp-image-6182\" \/><\/a><\/p>\n<p><a href=\"https:\/\/www.feuerwehr-matzen.at\/wp-content\/uploads\/2019\/10\/P1000517.jpg\"><img loading=\"lazy\" decoding=\"async\" src=\"https:\/\/www.feuerwehr-matzen.at\/wp-content\/uploads\/2019\/10\/P1000517-150x150.jpg\" alt=\"\" width=\"150\" height=\"150\" class=\"alignleft size-thumbnail wp-image-6183\" \/><\/a><\/p>\n<p><a href=\"https:\/\/www.feuerwehr-matzen.at\/wp-content\/uploads\/2019\/10\/P1000521.jpg\"><img loading=\"lazy\" decoding=\"async\" src=\"https:\/\/www.feuerwehr-matzen.at\/wp-content\/uploads\/2019\/10\/P1000521-150x150.jpg\" alt=\"\" width=\"150\" height=\"150\" class=\"alignleft size-thumbnail wp-image-6184\" \/><\/a><\/p>\n<p><a href=\"https:\/\/www.feuerwehr-matzen.at\/wp-content\/uploads\/2019\/10\/P1000528.jpg\"><img loading=\"lazy\" decoding=\"async\" src=\"https:\/\/www.feuerwehr-matzen.at\/wp-content\/uploads\/2019\/10\/P1000528-150x150.jpg\" alt=\"\" width=\"150\" height=\"150\" class=\"alignleft size-thumbnail wp-image-6185\" \/><\/a><\/p>\n<p><a href=\"https:\/\/www.feuerwehr-matzen.at\/wp-content\/uploads\/2019\/10\/P1000556.jpg\"><img loading=\"lazy\" decoding=\"async\" src=\"https:\/\/www.feuerwehr-matzen.at\/wp-content\/uploads\/2019\/10\/P1000556-150x150.jpg\" alt=\"\" width=\"150\" height=\"150\" class=\"alignleft size-thumbnail wp-image-6186\" \/><\/a><\/p>\n<p><a href=\"https:\/\/www.feuerwehr-matzen.at\/wp-content\/uploads\/2019\/10\/P1000568.jpg\"><img loading=\"lazy\" decoding=\"async\" src=\"https:\/\/www.feuerwehr-matzen.at\/wp-content\/uploads\/2019\/10\/P1000568-150x150.jpg\" alt=\"\" width=\"150\" height=\"150\" class=\"alignleft size-thumbnail wp-image-6187\" \/><\/a><\/p>\n<p><a href=\"https:\/\/www.feuerwehr-matzen.at\/wp-content\/uploads\/2019\/10\/P1000571.jpg\"><img loading=\"lazy\" decoding=\"async\" src=\"https:\/\/www.feuerwehr-matzen.at\/wp-content\/uploads\/2019\/10\/P1000571-150x150.jpg\" alt=\"\" width=\"150\" height=\"150\" class=\"alignleft size-thumbnail wp-image-6188\" \/><\/a><\/p>\n<p><a href=\"https:\/\/www.feuerwehr-matzen.at\/wp-content\/uploads\/2019\/10\/P1000575.jpg\"><img loading=\"lazy\" decoding=\"async\" src=\"https:\/\/www.feuerwehr-matzen.at\/wp-content\/uploads\/2019\/10\/P1000575-150x150.jpg\" alt=\"\" width=\"150\" height=\"150\" class=\"alignleft size-thumbnail wp-image-6189\" \/><\/a><\/p>\n<p><a href=\"https:\/\/www.feuerwehr-matzen.at\/wp-content\/uploads\/2019\/10\/P1000584.jpg\"><img loading=\"lazy\" decoding=\"async\" src=\"https:\/\/www.feuerwehr-matzen.at\/wp-content\/uploads\/2019\/10\/P1000584-150x150.jpg\" alt=\"\" width=\"150\" height=\"150\" class=\"alignleft size-thumbnail wp-image-6190\" \/><\/a><\/p>\n<p><a href=\"https:\/\/www.feuerwehr-matzen.at\/wp-content\/uploads\/2019\/10\/P1000585.jpg\"><img loading=\"lazy\" decoding=\"async\" src=\"https:\/\/www.feuerwehr-matzen.at\/wp-content\/uploads\/2019\/10\/P1000585-150x150.jpg\" alt=\"\" width=\"150\" height=\"150\" class=\"alignleft size-thumbnail wp-image-6191\" \/><\/a><\/p>\n<p><a href=\"https:\/\/www.feuerwehr-matzen.at\/wp-content\/uploads\/2019\/10\/P1000591.jpg\"><img loading=\"lazy\" decoding=\"async\" src=\"https:\/\/www.feuerwehr-matzen.at\/wp-content\/uploads\/2019\/10\/P1000591-150x150.jpg\" alt=\"\" width=\"150\" height=\"150\" class=\"alignleft size-thumbnail wp-image-6192\" \/><\/a><\/p>\n<p><a href=\"https:\/\/www.feuerwehr-matzen.at\/wp-content\/uploads\/2019\/10\/P1000595.jpg\"><img loading=\"lazy\" decoding=\"async\" src=\"https:\/\/www.feuerwehr-matzen.at\/wp-content\/uploads\/2019\/10\/P1000595-150x150.jpg\" alt=\"\" width=\"150\" height=\"150\" class=\"alignleft size-thumbnail wp-image-6193\" \/><\/a><\/p>\n<p><a href=\"https:\/\/www.feuerwehr-matzen.at\/wp-content\/uploads\/2019\/10\/P1000620.jpg\"><img loading=\"lazy\" decoding=\"async\" src=\"https:\/\/www.feuerwehr-matzen.at\/wp-content\/uploads\/2019\/10\/P1000620-150x150.jpg\" alt=\"\" width=\"150\" height=\"150\" class=\"alignleft size-thumbnail wp-image-6194\" \/><\/a><\/p>\n<p><a href=\"https:\/\/www.feuerwehr-matzen.at\/wp-content\/uploads\/2019\/10\/P1000626.jpg\"><img loading=\"lazy\" decoding=\"async\" src=\"https:\/\/www.feuerwehr-matzen.at\/wp-content\/uploads\/2019\/10\/P1000626-150x150.jpg\" alt=\"\" width=\"150\" height=\"150\" class=\"alignleft size-thumbnail wp-image-6195\" \/><\/a><\/p>\n","protected":false},"excerpt":{"rendered":"<p>Ausbildungspr\u00fcfung Nach \u00fcber zweimonatiger Vorbereitungszeit traten 17 Kameraden der Freiwilligen Feuerwehr Matzen am Vormittag des 26. Oktobers 2019 zur Ausbildungspr\u00fcfung in Bronze und Gold an. Mitte August starteten die Florianij\u00fcnger mit der ersten Vorbereitungseinheit. Die Ausbildungspr\u00fcfung Technischer Einsatz unterst\u00fctzt die <a class=\"more-link\" href=\"https:\/\/www.feuerwehr-matzen.at\/?page_id=6179\">weiterlesen  <span class=\"screen-reader-text\">  26. Oktober 2019<\/span><span class=\"meta-nav\">&rarr;<\/span><\/a><\/p>\n","protected":false},"author":6,"featured_media":0,"parent":0,"menu_order":0,"comment_status":"closed","ping_status":"closed","template":"","meta":{"footnotes":""},"class_list":["post-6179","page","type-page","status-publish","hentry"],"_links":{"self":[{"href":"https:\/\/www.feuerwehr-matzen.at\/index.php?rest_route=\/wp\/v2\/pages\/6179","targetHints":{"allow":["GET"]}}],"collection":[{"href":"https:\/\/www.feuerwehr-matzen.at\/index.php?rest_route=\/wp\/v2\/pages"}],"about":[{"href":"https:\/\/www.feuerwehr-matzen.at\/index.php?rest_route=\/wp\/v2\/types\/page"}],"author":[{"embeddable":true,"href":"https:\/\/www.feuerwehr-matzen.at\/index.php?rest_route=\/wp\/v2\/users\/6"}],"replies":[{"embeddable":true,"href":"https:\/\/www.feuerwehr-matzen.at\/index.php?rest_route=%2Fwp%2Fv2%2Fcomments&post=6179"}],"version-history":[{"count":2,"href":"https:\/\/www.feuerwehr-matzen.at\/index.php?rest_route=\/wp\/v2\/pages\/6179\/revisions"}],"predecessor-version":[{"id":6198,"href":"https:\/\/www.feuerwehr-matzen.at\/index.php?rest_route=\/wp\/v2\/pages\/6179\/revisions\/6198"}],"wp:attachment":[{"href":"https:\/\/www.feuerwehr-matzen.at\/index.php?rest_route=%2Fwp%2Fv2%2Fmedia&parent=6179"}],"curies":[{"name":"wp","href":"https:\/\/api.w.org\/{rel}","templated":true}]}}