{"id":6261,"date":"2020-01-19T20:14:06","date_gmt":"2020-01-19T18:14:06","guid":{"rendered":"https:\/\/www.feuerwehr-matzen.at\/?page_id=6261"},"modified":"2021-03-23T09:29:38","modified_gmt":"2021-03-23T07:29:38","slug":"18-jaenner-2020","status":"publish","type":"page","link":"https:\/\/www.feuerwehr-matzen.at\/?page_id=6261","title":{"rendered":"18. J\u00e4nner 2020"},"content":{"rendered":"<p><strong>Feuerwehrball<\/strong><a title=\"Veranstaltungen 2020\" href=\"https:\/\/www.feuerwehr-matzen.at\/?page_id=6263\"><img loading=\"lazy\" decoding=\"async\" class=\"alignright size-full wp-image-1833\" src=\"https:\/\/www.feuerwehr-matzen.at\/wp-content\/uploads\/2013\/07\/return.jpg\" alt=\"return\" width=\"65\" height=\"30\" \/><\/a><\/p>\n<p>Am 18. J\u00e4nner fand der Feuerwehrball 2020 im Kultursaal des Optimum Matzen statt. Feuerwehrkommandant HBI Neubauer Manfred begr\u00fc\u00dfte die G\u00e4ste bevor der Ball mit einem Walzer von den Feuerwehrkameraden er\u00f6ffnet wurde.<!--more--> Die Feuerwehr Matzen konnte sich \u00fcber einen prall gef\u00fcllten Festsaal erfreuen. Verk\u00f6stigt wurden die G\u00e4ste vom Team rund um Karina Fritz\/Cafe Optimum Matzen. Leider haben wir im Laufe des Abends feststellen m\u00fcssen, dass die Band trotz Empfehlung der Vorjahresband und positiven H\u00f6rproben nicht genau den Geschmack aller G\u00e4ste getroffen hat. Wir m\u00f6chten allen Ballbesuchern die heuer nicht auf Ihre Kosten gekommen sind, die gute Nachricht mitteilen, dass wir f\u00fcr n\u00e4chstes Jahr bereits eine ausgezeichnete Tanzgruppe, die uns auch pers\u00f6nlich bekannt ist, engagiert haben. Wir hoffen, dass wir Sie auch n\u00e4chstes Jahr wieder auf der Tanzfl\u00e4che antreffen. Punkt Mitternacht startete die Verlosung der zahlreichen Tombolatreffer. Bis in die fr\u00fchen Morgenstunden blieben zahlreiche G\u00e4ste und forderten die Kameraden hinter der Bar. Die Feuerwehr Matzen bedankt sich bei allen Besuchern, sowie bei den gro\u00dfz\u00fcgigen Tombolaspenden.<\/p>\n<p><a href=\"https:\/\/www.feuerwehr-matzen.at\/wp-content\/uploads\/2020\/01\/DSC_0103.jpg\"><img loading=\"lazy\" decoding=\"async\" class=\"alignleft size-thumbnail wp-image-6274\" src=\"https:\/\/www.feuerwehr-matzen.at\/wp-content\/uploads\/2020\/01\/DSC_0103-150x150.jpg\" alt=\"\" width=\"150\" height=\"150\" \/><\/a><\/p>\n<p><a href=\"https:\/\/www.feuerwehr-matzen.at\/wp-content\/uploads\/2020\/01\/DSC_0106.jpg\"><img loading=\"lazy\" decoding=\"async\" class=\"alignleft size-thumbnail wp-image-6275\" src=\"https:\/\/www.feuerwehr-matzen.at\/wp-content\/uploads\/2020\/01\/DSC_0106-150x150.jpg\" alt=\"\" width=\"150\" height=\"150\" \/><\/a><\/p>\n<p><a href=\"https:\/\/www.feuerwehr-matzen.at\/wp-content\/uploads\/2020\/01\/DSC_0107.jpg\"><img loading=\"lazy\" decoding=\"async\" class=\"alignleft size-thumbnail wp-image-6276\" src=\"https:\/\/www.feuerwehr-matzen.at\/wp-content\/uploads\/2020\/01\/DSC_0107-150x150.jpg\" alt=\"\" width=\"150\" height=\"150\" \/><\/a><\/p>\n<p><a href=\"https:\/\/www.feuerwehr-matzen.at\/wp-content\/uploads\/2020\/01\/DSC_0108.jpg\"><img loading=\"lazy\" decoding=\"async\" class=\"alignleft size-thumbnail wp-image-6277\" src=\"https:\/\/www.feuerwehr-matzen.at\/wp-content\/uploads\/2020\/01\/DSC_0108-150x150.jpg\" alt=\"\" width=\"150\" height=\"150\" \/><\/a><\/p>\n<p><a href=\"https:\/\/www.feuerwehr-matzen.at\/wp-content\/uploads\/2020\/01\/DSC_0112.jpg\"><img loading=\"lazy\" decoding=\"async\" class=\"alignleft size-thumbnail wp-image-6278\" src=\"https:\/\/www.feuerwehr-matzen.at\/wp-content\/uploads\/2020\/01\/DSC_0112-150x150.jpg\" alt=\"\" width=\"150\" height=\"150\" \/><\/a><\/p>\n<p><a href=\"https:\/\/www.feuerwehr-matzen.at\/wp-content\/uploads\/2020\/01\/DSC_0113.jpg\"><img loading=\"lazy\" decoding=\"async\" class=\"alignleft size-thumbnail wp-image-6280\" src=\"https:\/\/www.feuerwehr-matzen.at\/wp-content\/uploads\/2020\/01\/DSC_0113-150x150.jpg\" alt=\"\" width=\"150\" height=\"150\" \/><\/a><\/p>\n<p><a href=\"https:\/\/www.feuerwehr-matzen.at\/wp-content\/uploads\/2020\/01\/DSC_0114.jpg\"><img loading=\"lazy\" decoding=\"async\" class=\"alignleft size-thumbnail wp-image-6281\" src=\"https:\/\/www.feuerwehr-matzen.at\/wp-content\/uploads\/2020\/01\/DSC_0114-150x150.jpg\" alt=\"\" width=\"150\" height=\"150\" \/><\/a><\/p>\n<p><a href=\"https:\/\/www.feuerwehr-matzen.at\/wp-content\/uploads\/2020\/01\/DSC_0116.jpg\"><img loading=\"lazy\" decoding=\"async\" class=\"alignleft size-thumbnail wp-image-6282\" src=\"https:\/\/www.feuerwehr-matzen.at\/wp-content\/uploads\/2020\/01\/DSC_0116-150x150.jpg\" alt=\"\" width=\"150\" height=\"150\" \/><\/a><\/p>\n<p><a href=\"https:\/\/www.feuerwehr-matzen.at\/wp-content\/uploads\/2020\/01\/DSC_0117.jpg\"><img loading=\"lazy\" decoding=\"async\" class=\"alignleft size-thumbnail wp-image-6283\" src=\"https:\/\/www.feuerwehr-matzen.at\/wp-content\/uploads\/2020\/01\/DSC_0117-150x150.jpg\" alt=\"\" width=\"150\" height=\"150\" \/><\/a><\/p>\n<p><a href=\"https:\/\/www.feuerwehr-matzen.at\/wp-content\/uploads\/2020\/01\/DSC_0118.jpg\"><img loading=\"lazy\" decoding=\"async\" class=\"alignleft size-thumbnail wp-image-6284\" src=\"https:\/\/www.feuerwehr-matzen.at\/wp-content\/uploads\/2020\/01\/DSC_0118-150x150.jpg\" alt=\"\" width=\"150\" height=\"150\" \/><\/a><\/p>\n<p><a href=\"https:\/\/www.feuerwehr-matzen.at\/wp-content\/uploads\/2020\/01\/DSC_0121.jpg\"><img loading=\"lazy\" decoding=\"async\" class=\"alignleft size-thumbnail wp-image-6285\" src=\"https:\/\/www.feuerwehr-matzen.at\/wp-content\/uploads\/2020\/01\/DSC_0121-150x150.jpg\" alt=\"\" width=\"150\" height=\"150\" \/><\/a><\/p>\n<p><a href=\"https:\/\/www.feuerwehr-matzen.at\/wp-content\/uploads\/2020\/01\/DSC_0174.jpg\"><img loading=\"lazy\" decoding=\"async\" class=\"alignleft size-thumbnail wp-image-6286\" src=\"https:\/\/www.feuerwehr-matzen.at\/wp-content\/uploads\/2020\/01\/DSC_0174-150x150.jpg\" alt=\"\" width=\"150\" height=\"150\" \/><\/a><\/p>\n<p><a href=\"https:\/\/www.feuerwehr-matzen.at\/wp-content\/uploads\/2020\/01\/DSC_0175.jpg\"><img loading=\"lazy\" decoding=\"async\" class=\"alignleft size-thumbnail wp-image-6287\" src=\"https:\/\/www.feuerwehr-matzen.at\/wp-content\/uploads\/2020\/01\/DSC_0175-150x150.jpg\" alt=\"\" width=\"150\" height=\"150\" \/><\/a><\/p>\n","protected":false},"excerpt":{"rendered":"<p>Feuerwehrball Am 18. J\u00e4nner fand der Feuerwehrball 2020 im Kultursaal des Optimum Matzen statt. Feuerwehrkommandant HBI Neubauer Manfred begr\u00fc\u00dfte die G\u00e4ste bevor der Ball mit einem Walzer von den Feuerwehrkameraden er\u00f6ffnet wurde.<\/p>\n","protected":false},"author":6,"featured_media":0,"parent":0,"menu_order":0,"comment_status":"closed","ping_status":"closed","template":"","meta":{"footnotes":""},"class_list":["post-6261","page","type-page","status-publish","hentry"],"_links":{"self":[{"href":"https:\/\/www.feuerwehr-matzen.at\/index.php?rest_route=\/wp\/v2\/pages\/6261","targetHints":{"allow":["GET"]}}],"collection":[{"href":"https:\/\/www.feuerwehr-matzen.at\/index.php?rest_route=\/wp\/v2\/pages"}],"about":[{"href":"https:\/\/www.feuerwehr-matzen.at\/index.php?rest_route=\/wp\/v2\/types\/page"}],"author":[{"embeddable":true,"href":"https:\/\/www.feuerwehr-matzen.at\/index.php?rest_route=\/wp\/v2\/users\/6"}],"replies":[{"embeddable":true,"href":"https:\/\/www.feuerwehr-matzen.at\/index.php?rest_route=%2Fwp%2Fv2%2Fcomments&post=6261"}],"version-history":[{"count":6,"href":"https:\/\/www.feuerwehr-matzen.at\/index.php?rest_route=\/wp\/v2\/pages\/6261\/revisions"}],"predecessor-version":[{"id":6552,"href":"https:\/\/www.feuerwehr-matzen.at\/index.php?rest_route=\/wp\/v2\/pages\/6261\/revisions\/6552"}],"wp:attachment":[{"href":"https:\/\/www.feuerwehr-matzen.at\/index.php?rest_route=%2Fwp%2Fv2%2Fmedia&parent=6261"}],"curies":[{"name":"wp","href":"https:\/\/api.w.org\/{rel}","templated":true}]}}