{"id":6356,"date":"2020-08-02T10:31:15","date_gmt":"2020-08-02T08:31:15","guid":{"rendered":"https:\/\/www.feuerwehr-matzen.at\/?page_id=6356"},"modified":"2020-09-18T14:15:45","modified_gmt":"2020-09-18T12:15:45","slug":"uebungen-2020","status":"publish","type":"page","link":"https:\/\/www.feuerwehr-matzen.at\/?page_id=6356","title":{"rendered":"\u00dcbungen 2020"},"content":{"rendered":"<table style=\"table-layout: fixed; text-align: left;\" border=\"0\">\n<tbody>\n<tr>\n<th class=\"ffdatum\">11. August<\/th>\n<td class=\"fftext\">Schulung T\u00fcr\u00f6ffnung<\/td>\n<td class=\"fffoto\">\n<td class=\"fffoto\"><a title=\"11. August 2020\" href=\"https:\/\/www.feuerwehr-matzen.at\/?page_id=6396\"><img decoding=\"async\" src=\"https:\/\/www.feuerwehr-matzen.at\/wp-content\/uploads\/2013\/07\/bericht_bilder.png\" alt=\"Bericht und Fotos\" \/><\/a><\/td>\n<\/tr>\n<tr>\n<th class=\"ffdatum\">22. August<\/th>\n<td class=\"fftext\">Drohnenkurs<\/td>\n<td class=\"fffoto\">\n<td class=\"fffoto\"><a title=\"22. August 2020\" href=\"https:\/\/www.feuerwehr-matzen.at\/?page_id=6402\"><img decoding=\"async\" src=\"https:\/\/www.feuerwehr-matzen.at\/wp-content\/uploads\/2013\/07\/bericht_bilder.png\" alt=\"Bericht und Fotos\" \/><\/a><\/td>\n<\/tr>\n<tr>\n<th class=\"ffdatum\">21. August<\/th>\n<td class=\"fftext\">Drohnenkurs<\/td>\n<td class=\"fffoto\">\n<td class=\"fffoto\"><a title=\"21. August 2020\" href=\"https:\/\/www.feuerwehr-matzen.at\/?page_id=6402\"><img decoding=\"async\" src=\"https:\/\/www.feuerwehr-matzen.at\/wp-content\/uploads\/2013\/07\/bericht_bilder.png\" alt=\"Bericht und Fotos\" \/><\/a><\/td>\n<\/tr>\n<tr>\n<th class=\"ffdatum\">08. August<\/th>\n<td class=\"fftext\">Drohnenkurs<\/td>\n<td class=\"fffoto\">\n<td class=\"fffoto\"><a title=\"08. August 2020\" href=\"https:\/\/www.feuerwehr-matzen.at\/?page_id=6402\"><img decoding=\"async\" src=\"https:\/\/www.feuerwehr-matzen.at\/wp-content\/uploads\/2013\/07\/bericht_bilder.png\" alt=\"Bericht und Fotos\" \/><\/a><\/td>\n<\/tr>\n<tr>\n<th class=\"ffdatum\">07. August<\/th>\n<td class=\"fftext\">Drohnenkurs<\/td>\n<td class=\"fffoto\">\n<td class=\"fffoto\"><a title=\"07. August 2020\" href=\"https:\/\/www.feuerwehr-matzen.at\/?page_id=6402\"><img decoding=\"async\" src=\"https:\/\/www.feuerwehr-matzen.at\/wp-content\/uploads\/2013\/07\/bericht_bilder.png\" alt=\"Bericht und Fotos\" \/><\/a><\/td>\n<\/tr>\n<tr>\n<th class=\"ffdatum\">14. Juli<\/th>\n<td class=\"fftext\">Monats\u00fcbung<\/td>\n<td class=\"fffoto\">\n<td class=\"fffoto\"><a title=\"14. Juli 2020\" href=\"https:\/\/www.feuerwehr-matzen.at\/?page_id=6386\"><img decoding=\"async\" src=\"https:\/\/www.feuerwehr-matzen.at\/wp-content\/uploads\/2013\/07\/bericht_bilder.png\" alt=\"Bericht und Fotos\" \/><\/a><\/td>\n<\/tr>\n<tr>\n<th class=\"ffdatum\">16. Juni<\/th>\n<td class=\"fftext\">Monats\u00fcbung<\/td>\n<td class=\"fffoto\">\n<td class=\"fffoto\"><a title=\"16. Juni 2020\" href=\"https:\/\/www.feuerwehr-matzen.at\/?page_id=6377\"><img decoding=\"async\" src=\"https:\/\/www.feuerwehr-matzen.at\/wp-content\/uploads\/2013\/07\/bericht_bilder.png\" alt=\"Bericht und Fotos\" \/><\/a><\/td>\n<\/tr>\n<tr>\n<th class=\"ffdatum\">21.Mai<\/th>\n<td class=\"fftext\">Monats\u00fcbung<\/td>\n<td class=\"fffoto\">\n<td class=\"fffoto\"><a title=\"21. Mai 2020\" href=\"https:\/\/www.feuerwehr-matzen.at\/?page_id=6370\"><img decoding=\"async\" src=\"https:\/\/www.feuerwehr-matzen.at\/wp-content\/uploads\/2013\/07\/bericht_bilder.png\" alt=\"Bericht und Fotos\" \/><\/a><\/td>\n<\/tr>\n<tr>\n<th class=\"ffdatum\">05.M\u00e4rz<\/th>\n<td class=\"fftext\">Monats\u00fcbung<\/td>\n<td class=\"fffoto\">\n<td class=\"fffoto\"><a title=\"05. M\u00e4rz 2020\" href=\"https:\/\/www.feuerwehr-matzen.at\/?page_id=6364\"><img decoding=\"async\" src=\"https:\/\/www.feuerwehr-matzen.at\/wp-content\/uploads\/2013\/07\/bericht_bilder.png\" alt=\"Bericht und Fotos\" \/><\/a><\/td>\n<\/tr>\n<tr>\n<th class=\"ffdatum\">25.Februar<\/th>\n<td class=\"fftext\">Atemschutzausbildung<\/td>\n<td class=\"fffoto\"><\/td>\n<\/tr>\n<tr>\n<th class=\"ffdatum\">10. Februar<\/th>\n<td class=\"fftext\">Monats\u00fcbung<\/td>\n<td class=\"fffoto\"><\/td>\n<\/tr>\n<tr>\n<th class=\"ffdatum\">28.J\u00e4nner<\/th>\n<td class=\"fftext\">Winterschulung<\/td>\n<td class=\"fffoto\"><\/td>\n<\/tr>\n<\/tbody>\n<\/table>\n","protected":false},"excerpt":{"rendered":"<p>11. August Schulung T\u00fcr\u00f6ffnung 22. August Drohnenkurs 21. August Drohnenkurs 08. August Drohnenkurs 07. August Drohnenkurs 14. Juli Monats\u00fcbung 16. Juni Monats\u00fcbung 21.Mai Monats\u00fcbung 05.M\u00e4rz Monats\u00fcbung 25.Februar Atemschutzausbildung 10. Februar Monats\u00fcbung 28.J\u00e4nner Winterschulung<\/p>\n","protected":false},"author":6,"featured_media":0,"parent":0,"menu_order":0,"comment_status":"closed","ping_status":"closed","template":"","meta":{"footnotes":""},"class_list":["post-6356","page","type-page","status-publish","hentry"],"_links":{"self":[{"href":"https:\/\/www.feuerwehr-matzen.at\/index.php?rest_route=\/wp\/v2\/pages\/6356","targetHints":{"allow":["GET"]}}],"collection":[{"href":"https:\/\/www.feuerwehr-matzen.at\/index.php?rest_route=\/wp\/v2\/pages"}],"about":[{"href":"https:\/\/www.feuerwehr-matzen.at\/index.php?rest_route=\/wp\/v2\/types\/page"}],"author":[{"embeddable":true,"href":"https:\/\/www.feuerwehr-matzen.at\/index.php?rest_route=\/wp\/v2\/users\/6"}],"replies":[{"embeddable":true,"href":"https:\/\/www.feuerwehr-matzen.at\/index.php?rest_route=%2Fwp%2Fv2%2Fcomments&post=6356"}],"version-history":[{"count":10,"href":"https:\/\/www.feuerwehr-matzen.at\/index.php?rest_route=\/wp\/v2\/pages\/6356\/revisions"}],"predecessor-version":[{"id":6413,"href":"https:\/\/www.feuerwehr-matzen.at\/index.php?rest_route=\/wp\/v2\/pages\/6356\/revisions\/6413"}],"wp:attachment":[{"href":"https:\/\/www.feuerwehr-matzen.at\/index.php?rest_route=%2Fwp%2Fv2%2Fmedia&parent=6356"}],"curies":[{"name":"wp","href":"https:\/\/api.w.org\/{rel}","templated":true}]}}