{"id":6364,"date":"2020-09-15T13:12:53","date_gmt":"2020-09-15T11:12:53","guid":{"rendered":"https:\/\/www.feuerwehr-matzen.at\/?page_id=6364"},"modified":"2020-09-18T14:15:11","modified_gmt":"2020-09-18T12:15:11","slug":"05-maerz","status":"publish","type":"page","link":"https:\/\/www.feuerwehr-matzen.at\/?page_id=6364","title":{"rendered":"05. M\u00e4rz 2020"},"content":{"rendered":"<p><strong>Monats\u00fcbung<\/strong><a title=\"\u00dcbungen 2019\" href=\"https:\/\/www.feuerwehr-matzen.at\/?page_id=6356\"><img loading=\"lazy\" decoding=\"async\" class=\"alignright size-full wp-image-1833\" src=\"https:\/\/www.feuerwehr-matzen.at\/wp-content\/uploads\/2013\/07\/return.jpg\" alt=\"return\" width=\"65\" height=\"30\" \/><\/a><\/p>\n<p>In der Monats\u00fcbung im Mai wurde das Thema Schadstoff und die dazugeh\u00f6rigen Ger\u00e4tschaften auf unseren Fahrzeugen geschult. In der ersten Station musste mittels Kanaldichtkissen der Schadstoffeintritt in die Kanalisation verhindert werden. Die Zweite Station bestand aus einem Szenario mit Erkundung und Befehlsgebung. Ein undichter Beh\u00e4lter musste erkundet werden, der Gefahrenstoff aus den Frachtpapieren ausgelesen und im Anschluss unter den richtigen Sicherheitsma\u00dfnahmen abgedichtet werden.<\/p>\n<p><a href=\"https:\/\/www.feuerwehr-matzen.at\/wp-content\/uploads\/2020\/09\/20200305_192901.jpg\"><img loading=\"lazy\" decoding=\"async\" src=\"https:\/\/www.feuerwehr-matzen.at\/wp-content\/uploads\/2020\/09\/20200305_192901-150x150.jpg\" alt=\"\" width=\"150\" height=\"150\" class=\"alignleft size-thumbnail wp-image-6365\" \/><\/a><\/p>\n<p><a href=\"https:\/\/www.feuerwehr-matzen.at\/wp-content\/uploads\/2020\/09\/20200305_200758_HDR.jpg\"><img loading=\"lazy\" decoding=\"async\" src=\"https:\/\/www.feuerwehr-matzen.at\/wp-content\/uploads\/2020\/09\/20200305_200758_HDR-150x150.jpg\" alt=\"\" width=\"150\" height=\"150\" class=\"alignleft size-thumbnail wp-image-6366\" \/><\/a><\/p>\n","protected":false},"excerpt":{"rendered":"<p>Monats\u00fcbung In der Monats\u00fcbung im Mai wurde das Thema Schadstoff und die dazugeh\u00f6rigen Ger\u00e4tschaften auf unseren Fahrzeugen geschult. In der ersten Station musste mittels Kanaldichtkissen der Schadstoffeintritt in die Kanalisation verhindert werden. Die Zweite Station bestand aus einem Szenario mit <a class=\"more-link\" href=\"https:\/\/www.feuerwehr-matzen.at\/?page_id=6364\">weiterlesen  <span class=\"screen-reader-text\">  05. M\u00e4rz 2020<\/span><span class=\"meta-nav\">&rarr;<\/span><\/a><\/p>\n","protected":false},"author":6,"featured_media":0,"parent":0,"menu_order":0,"comment_status":"closed","ping_status":"closed","template":"","meta":{"footnotes":""},"class_list":["post-6364","page","type-page","status-publish","hentry"],"_links":{"self":[{"href":"https:\/\/www.feuerwehr-matzen.at\/index.php?rest_route=\/wp\/v2\/pages\/6364","targetHints":{"allow":["GET"]}}],"collection":[{"href":"https:\/\/www.feuerwehr-matzen.at\/index.php?rest_route=\/wp\/v2\/pages"}],"about":[{"href":"https:\/\/www.feuerwehr-matzen.at\/index.php?rest_route=\/wp\/v2\/types\/page"}],"author":[{"embeddable":true,"href":"https:\/\/www.feuerwehr-matzen.at\/index.php?rest_route=\/wp\/v2\/users\/6"}],"replies":[{"embeddable":true,"href":"https:\/\/www.feuerwehr-matzen.at\/index.php?rest_route=%2Fwp%2Fv2%2Fcomments&post=6364"}],"version-history":[{"count":2,"href":"https:\/\/www.feuerwehr-matzen.at\/index.php?rest_route=\/wp\/v2\/pages\/6364\/revisions"}],"predecessor-version":[{"id":6394,"href":"https:\/\/www.feuerwehr-matzen.at\/index.php?rest_route=\/wp\/v2\/pages\/6364\/revisions\/6394"}],"wp:attachment":[{"href":"https:\/\/www.feuerwehr-matzen.at\/index.php?rest_route=%2Fwp%2Fv2%2Fmedia&parent=6364"}],"curies":[{"name":"wp","href":"https:\/\/api.w.org\/{rel}","templated":true}]}}