{"id":6370,"date":"2020-09-15T13:17:49","date_gmt":"2020-09-15T11:17:49","guid":{"rendered":"https:\/\/www.feuerwehr-matzen.at\/?page_id=6370"},"modified":"2020-09-18T14:15:34","modified_gmt":"2020-09-18T12:15:34","slug":"21-mai","status":"publish","type":"page","link":"https:\/\/www.feuerwehr-matzen.at\/?page_id=6370","title":{"rendered":"21. Mai 2020"},"content":{"rendered":"<p><strong>Monats\u00fcbung<\/strong><a title=\"\u00dcbungen 2019\" href=\"https:\/\/www.feuerwehr-matzen.at\/?page_id=6356\"><img loading=\"lazy\" decoding=\"async\" class=\"alignright size-full wp-image-1833\" src=\"https:\/\/www.feuerwehr-matzen.at\/wp-content\/uploads\/2013\/07\/return.jpg\" alt=\"return\" width=\"65\" height=\"30\" \/><\/a><\/p>\n<p>Greifzug, S\u00e4gen und P\u00f6lzen wurde in einem Stationsbetrieb w\u00e4hrend der Monats\u00fcbung im Mai geschult. In verschiedenen Stationen wurde der Umgang mit dem Greifzug, der Ketten- sowie der Rettungs-s\u00e4ge vertieft. Als letzte Station musste die Montagegrube in der Werkstatt gep\u00f6lzt werden. <\/p>\n<p><a href=\"https:\/\/www.feuerwehr-matzen.at\/wp-content\/uploads\/2020\/09\/20200521_164750_HDR.jpg\"><img loading=\"lazy\" decoding=\"async\" src=\"https:\/\/www.feuerwehr-matzen.at\/wp-content\/uploads\/2020\/09\/20200521_164750_HDR-150x150.jpg\" alt=\"\" width=\"150\" height=\"150\" class=\"alignleft size-thumbnail wp-image-6371\" \/><\/a><\/p>\n<p><a href=\"https:\/\/www.feuerwehr-matzen.at\/wp-content\/uploads\/2020\/09\/20200521_164832.jpg\"><img loading=\"lazy\" decoding=\"async\" src=\"https:\/\/www.feuerwehr-matzen.at\/wp-content\/uploads\/2020\/09\/20200521_164832-150x150.jpg\" alt=\"\" width=\"150\" height=\"150\" class=\"alignleft size-thumbnail wp-image-6372\" \/><\/a><\/p>\n<p><a href=\"https:\/\/www.feuerwehr-matzen.at\/wp-content\/uploads\/2020\/09\/20200521_170043.jpg\"><img loading=\"lazy\" decoding=\"async\" src=\"https:\/\/www.feuerwehr-matzen.at\/wp-content\/uploads\/2020\/09\/20200521_170043-150x150.jpg\" alt=\"\" width=\"150\" height=\"150\" class=\"alignleft size-thumbnail wp-image-6373\" \/><\/a><\/p>\n<p><a href=\"https:\/\/www.feuerwehr-matzen.at\/wp-content\/uploads\/2020\/09\/20200521_170404.jpg\"><img loading=\"lazy\" decoding=\"async\" src=\"https:\/\/www.feuerwehr-matzen.at\/wp-content\/uploads\/2020\/09\/20200521_170404-150x150.jpg\" alt=\"\" width=\"150\" height=\"150\" class=\"alignleft size-thumbnail wp-image-6374\" \/><\/a><\/p>\n","protected":false},"excerpt":{"rendered":"<p>Monats\u00fcbung Greifzug, S\u00e4gen und P\u00f6lzen wurde in einem Stationsbetrieb w\u00e4hrend der Monats\u00fcbung im Mai geschult. In verschiedenen Stationen wurde der Umgang mit dem Greifzug, der Ketten- sowie der Rettungs-s\u00e4ge vertieft. Als letzte Station musste die Montagegrube in der Werkstatt gep\u00f6lzt <a class=\"more-link\" href=\"https:\/\/www.feuerwehr-matzen.at\/?page_id=6370\">weiterlesen  <span class=\"screen-reader-text\">  21. Mai 2020<\/span><span class=\"meta-nav\">&rarr;<\/span><\/a><\/p>\n","protected":false},"author":6,"featured_media":0,"parent":0,"menu_order":0,"comment_status":"closed","ping_status":"closed","template":"","meta":{"footnotes":""},"class_list":["post-6370","page","type-page","status-publish","hentry"],"_links":{"self":[{"href":"https:\/\/www.feuerwehr-matzen.at\/index.php?rest_route=\/wp\/v2\/pages\/6370","targetHints":{"allow":["GET"]}}],"collection":[{"href":"https:\/\/www.feuerwehr-matzen.at\/index.php?rest_route=\/wp\/v2\/pages"}],"about":[{"href":"https:\/\/www.feuerwehr-matzen.at\/index.php?rest_route=\/wp\/v2\/types\/page"}],"author":[{"embeddable":true,"href":"https:\/\/www.feuerwehr-matzen.at\/index.php?rest_route=\/wp\/v2\/users\/6"}],"replies":[{"embeddable":true,"href":"https:\/\/www.feuerwehr-matzen.at\/index.php?rest_route=%2Fwp%2Fv2%2Fcomments&post=6370"}],"version-history":[{"count":2,"href":"https:\/\/www.feuerwehr-matzen.at\/index.php?rest_route=\/wp\/v2\/pages\/6370\/revisions"}],"predecessor-version":[{"id":6395,"href":"https:\/\/www.feuerwehr-matzen.at\/index.php?rest_route=\/wp\/v2\/pages\/6370\/revisions\/6395"}],"wp:attachment":[{"href":"https:\/\/www.feuerwehr-matzen.at\/index.php?rest_route=%2Fwp%2Fv2%2Fmedia&parent=6370"}],"curies":[{"name":"wp","href":"https:\/\/api.w.org\/{rel}","templated":true}]}}