{"id":6396,"date":"2020-09-15T13:33:56","date_gmt":"2020-09-15T11:33:56","guid":{"rendered":"https:\/\/www.feuerwehr-matzen.at\/?page_id=6396"},"modified":"2020-09-18T14:15:23","modified_gmt":"2020-09-18T12:15:23","slug":"11-august-2020","status":"publish","type":"page","link":"https:\/\/www.feuerwehr-matzen.at\/?page_id=6396","title":{"rendered":"11. August 2020"},"content":{"rendered":"<p><strong>Monats\u00fcbung<\/strong><a title=\"\u00dcbungen 2019\" href=\"https:\/\/www.feuerwehr-matzen.at\/?page_id=6356\"><img loading=\"lazy\" decoding=\"async\" class=\"alignright size-full wp-image-1833\" src=\"https:\/\/www.feuerwehr-matzen.at\/wp-content\/uploads\/2013\/07\/return.jpg\" alt=\"return\" width=\"65\" height=\"30\" \/><\/a><\/p>\n<p>Im August hatte die Feuerwehr Matzen die M\u00f6glichkeit bei der Feuerwehr Strasshof an einer Schulung zum Thema T\u00fcr\u00f6ffnung teilzunehmen. In Zwei Gruppen wurde das Vorgehen mit dem Halligan Tool, eine Fenster\u00f6ffnung sowie der neue Sprungretter der FF Strasshof durchgenommen. Hier gilt ein gro\u00dfer Dank den Ausbildner der Feuerwehr Strasshof. <\/p>\n<p><a href=\"https:\/\/www.feuerwehr-matzen.at\/wp-content\/uploads\/2020\/09\/20200811_200616.jpg\"><img loading=\"lazy\" decoding=\"async\" src=\"https:\/\/www.feuerwehr-matzen.at\/wp-content\/uploads\/2020\/09\/20200811_200616-150x150.jpg\" alt=\"\" width=\"150\" height=\"150\" class=\"alignleft size-thumbnail wp-image-6397\" \/><\/a><\/p>\n<p><a href=\"https:\/\/www.feuerwehr-matzen.at\/wp-content\/uploads\/2020\/09\/20200811_200651.jpg\"><img loading=\"lazy\" decoding=\"async\" src=\"https:\/\/www.feuerwehr-matzen.at\/wp-content\/uploads\/2020\/09\/20200811_200651-150x150.jpg\" alt=\"\" width=\"150\" height=\"150\" class=\"alignleft size-thumbnail wp-image-6398\" \/><\/a><\/p>\n<p><a href=\"https:\/\/www.feuerwehr-matzen.at\/wp-content\/uploads\/2020\/09\/20200811_202012.jpg\"><img loading=\"lazy\" decoding=\"async\" src=\"https:\/\/www.feuerwehr-matzen.at\/wp-content\/uploads\/2020\/09\/20200811_202012-150x150.jpg\" alt=\"\" width=\"150\" height=\"150\" class=\"alignleft size-thumbnail wp-image-6399\" \/><\/a><\/p>\n","protected":false},"excerpt":{"rendered":"<p>Monats\u00fcbung Im August hatte die Feuerwehr Matzen die M\u00f6glichkeit bei der Feuerwehr Strasshof an einer Schulung zum Thema T\u00fcr\u00f6ffnung teilzunehmen. In Zwei Gruppen wurde das Vorgehen mit dem Halligan Tool, eine Fenster\u00f6ffnung sowie der neue Sprungretter der FF Strasshof durchgenommen. <a class=\"more-link\" href=\"https:\/\/www.feuerwehr-matzen.at\/?page_id=6396\">weiterlesen  <span class=\"screen-reader-text\">  11. August 2020<\/span><span class=\"meta-nav\">&rarr;<\/span><\/a><\/p>\n","protected":false},"author":6,"featured_media":0,"parent":0,"menu_order":0,"comment_status":"closed","ping_status":"closed","template":"","meta":{"footnotes":""},"class_list":["post-6396","page","type-page","status-publish","hentry"],"_links":{"self":[{"href":"https:\/\/www.feuerwehr-matzen.at\/index.php?rest_route=\/wp\/v2\/pages\/6396","targetHints":{"allow":["GET"]}}],"collection":[{"href":"https:\/\/www.feuerwehr-matzen.at\/index.php?rest_route=\/wp\/v2\/pages"}],"about":[{"href":"https:\/\/www.feuerwehr-matzen.at\/index.php?rest_route=\/wp\/v2\/types\/page"}],"author":[{"embeddable":true,"href":"https:\/\/www.feuerwehr-matzen.at\/index.php?rest_route=\/wp\/v2\/users\/6"}],"replies":[{"embeddable":true,"href":"https:\/\/www.feuerwehr-matzen.at\/index.php?rest_route=%2Fwp%2Fv2%2Fcomments&post=6396"}],"version-history":[{"count":1,"href":"https:\/\/www.feuerwehr-matzen.at\/index.php?rest_route=\/wp\/v2\/pages\/6396\/revisions"}],"predecessor-version":[{"id":6400,"href":"https:\/\/www.feuerwehr-matzen.at\/index.php?rest_route=\/wp\/v2\/pages\/6396\/revisions\/6400"}],"wp:attachment":[{"href":"https:\/\/www.feuerwehr-matzen.at\/index.php?rest_route=%2Fwp%2Fv2%2Fmedia&parent=6396"}],"curies":[{"name":"wp","href":"https:\/\/api.w.org\/{rel}","templated":true}]}}