{"id":6845,"date":"2021-04-20T11:59:36","date_gmt":"2021-04-20T09:59:36","guid":{"rendered":"https:\/\/www.feuerwehr-matzen.at\/?page_id=6845"},"modified":"2021-04-21T14:25:43","modified_gmt":"2021-04-21T12:25:43","slug":"ausruestung-test","status":"publish","type":"page","link":"https:\/\/www.feuerwehr-matzen.at\/?page_id=6845","title":{"rendered":"Ausr\u00fcstung"},"content":{"rendered":"\n<div class=\"wp-block-media-text alignwide is-stacked-on-mobile\"><figure class=\"wp-block-media-text__media\"><img loading=\"lazy\" decoding=\"async\" width=\"800\" height=\"600\" src=\"https:\/\/www.feuerwehr-matzen.at\/wp-content\/uploads\/2013\/07\/hydraulisches.gif\" alt=\"\" class=\"wp-image-1583 size-full\"\/><\/figure><div class=\"wp-block-media-text__content\">\n<p class=\"has-normal-font-size\"><strong>Hydraulisches Rettungsger\u00e4t<\/strong><\/p>\n\n\n\n<p class=\"has-small-font-size\">Das Hydraulik Aggregat der Firma Weber versorgt die hydr. Ger\u00e4te mit dem erforderlichen Betriebsdruck. Es wird durch einen Elektromotor angetrieben.<\/p>\n<\/div><\/div>\n\n\n\n<p><\/p>\n\n\n\n<div class=\"wp-block-media-text alignwide is-stacked-on-mobile\"><figure class=\"wp-block-media-text__media\"><img loading=\"lazy\" decoding=\"async\" width=\"800\" height=\"245\" src=\"https:\/\/www.feuerwehr-matzen.at\/wp-content\/uploads\/2013\/07\/schere.gif\" alt=\"\" class=\"wp-image-1584 size-full\"\/><\/figure><div class=\"wp-block-media-text__content\">\n<p class=\"has-normal-font-size\"><strong>Hydraulisches Schneideger\u00e4t<\/strong><\/p>\n\n\n\n<p class=\"has-small-font-size\">Hydr. \u201cSchere\u201d wird verwendet um Fahrzeugteile zum Beispiel: die B-S\u00e4ule oder Teile der Seitent\u00fcre zu trennen.<\/p>\n<\/div><\/div>\n\n\n\n<p><\/p>\n\n\n\n<div class=\"wp-block-media-text alignwide is-stacked-on-mobile\"><figure class=\"wp-block-media-text__media\"><img loading=\"lazy\" decoding=\"async\" width=\"800\" height=\"255\" src=\"https:\/\/www.feuerwehr-matzen.at\/wp-content\/uploads\/2013\/07\/spreizer.gif\" alt=\"\" class=\"wp-image-1585 size-full\"\/><\/figure><div class=\"wp-block-media-text__content\">\n<p class=\"has-normal-font-size\"><strong>Hydraulischer Spreitzer<\/strong><\/p>\n\n\n\n<p class=\"has-small-font-size\">Der hydr. \u201cSpreizer\u201d wird verwendet zum Wegdr\u00fccken verschiedener Fahrzeugteile. Zum Beispiel beim \u00d6ffnen einer Fahrzeugt\u00fcre.<\/p>\n<\/div><\/div>\n\n\n\n<p><\/p>\n\n\n\n<div class=\"wp-block-media-text alignwide is-stacked-on-mobile\"><figure class=\"wp-block-media-text__media\"><img loading=\"lazy\" decoding=\"async\" width=\"800\" height=\"282\" src=\"https:\/\/www.feuerwehr-matzen.at\/wp-content\/uploads\/2013\/07\/stempel.gif\" alt=\"\" class=\"wp-image-1588 size-full\"\/><\/figure><div class=\"wp-block-media-text__content\">\n<p class=\"has-normal-font-size\"><strong>Hydraulischer Stempel<\/strong><\/p>\n\n\n\n<p class=\"has-normal-font-size\">Zum Dr\u00fccken von verformten Bauteilen eines Fahrzeuges. Unter Anderen kann das Lenkrad oder das Armaturenbrett zur\u00fcckgedr\u00fcckt werden.<\/p>\n<\/div><\/div>\n\n\n\n<p><\/p>\n\n\n\n<div class=\"wp-block-media-text alignwide is-stacked-on-mobile\"><figure class=\"wp-block-media-text__media\"><img loading=\"lazy\" decoding=\"async\" width=\"800\" height=\"512\" src=\"https:\/\/www.feuerwehr-matzen.at\/wp-content\/uploads\/2013\/08\/stabfast31.gif\" alt=\"\" class=\"wp-image-3201 size-full\"\/><\/figure><div class=\"wp-block-media-text__content\">\n<p class=\"has-normal-font-size\"><strong>Stabfast Abst\u00fctzsystem<\/strong><\/p>\n\n\n\n<p class=\"has-normal-font-size\">Dient zum Sichern eines auf der Seite liegendem Fahrzeuges. Mit den Gurten kann das instabile Fahrzeug f\u00fcr die auszu\u00fcbende T\u00e4tigkeit am Boden fixiert werden.<\/p>\n<\/div><\/div>\n\n\n\n<p><\/p>\n\n\n\n<div class=\"wp-block-media-text alignwide is-stacked-on-mobile\"><figure class=\"wp-block-media-text__media\"><img loading=\"lazy\" decoding=\"async\" width=\"275\" height=\"347\" src=\"https:\/\/www.feuerwehr-matzen.at\/wp-content\/uploads\/2013\/10\/ats.jpg\" alt=\"\" class=\"wp-image-3639 size-full\" srcset=\"https:\/\/www.feuerwehr-matzen.at\/wp-content\/uploads\/2013\/10\/ats.jpg 275w, https:\/\/www.feuerwehr-matzen.at\/wp-content\/uploads\/2013\/10\/ats-158x200.jpg 158w\" sizes=\"auto, (max-width: 275px) 100vw, 275px\" \/><\/figure><div class=\"wp-block-media-text__content\">\n<p class=\"has-normal-font-size\"><strong>Atemschutzger\u00e4t<\/strong><\/p>\n\n\n\n<p class=\"has-small-font-size\">Ein umluftunabh\u00e4ngiges Atemschutzger\u00e4t zum Vorgehen in Brandr\u00e4ume und Bereichen mit zu wenig Sauerstoffanteil. Die Feuerwehr Matzen besitzt 4 St\u00fcck 300 Bar-Ger\u00e4te mit \u00dcberdruckmasken sowie 8 Funkmasken.<\/p>\n<\/div><\/div>\n\n\n\n<p><\/p>\n\n\n\n<div class=\"wp-block-media-text alignwide is-stacked-on-mobile\"><figure class=\"wp-block-media-text__media\"><img loading=\"lazy\" decoding=\"async\" width=\"427\" height=\"320\" src=\"https:\/\/www.feuerwehr-matzen.at\/wp-content\/uploads\/2013\/07\/beleuchtungsbalon.gif\" alt=\"\" class=\"wp-image-1582 size-full\"\/><\/figure><div class=\"wp-block-media-text__content\">\n<p class=\"has-normal-font-size\"><strong>Beleuchtungsbalon<\/strong><\/p>\n\n\n\n<p class=\"has-small-font-size\">erg\u00e4nzendes Beleuchtungsger\u00e4t f\u00fcr gr\u00f6\u00dfere Eins\u00e4tz bzw T\u00e4tigkeiten mit mehr Zeitaufwand. Der Beleuchtungsbalon erhellt eine Fl\u00e4che von ca. 60 Metern im Umkreis mit wei\u00dfem, blendfreiem Licht durch seine beschichtete Oberfl\u00e4che.<\/p>\n<\/div><\/div>\n\n\n\n<p><\/p>\n\n\n\n<div class=\"wp-block-media-text alignwide is-stacked-on-mobile\"><figure class=\"wp-block-media-text__media\"><img loading=\"lazy\" decoding=\"async\" width=\"571\" height=\"800\" src=\"https:\/\/www.feuerwehr-matzen.at\/wp-content\/uploads\/2013\/06\/Flir_K_Serie_klein.jpg\" alt=\"\" class=\"wp-image-4200 size-full\" srcset=\"https:\/\/www.feuerwehr-matzen.at\/wp-content\/uploads\/2013\/06\/Flir_K_Serie_klein.jpg 571w, https:\/\/www.feuerwehr-matzen.at\/wp-content\/uploads\/2013\/06\/Flir_K_Serie_klein-142x200.jpg 142w\" sizes=\"auto, (max-width: 571px) 100vw, 571px\" \/><\/figure><div class=\"wp-block-media-text__content\">\n<p class=\"has-normal-font-size\"><strong>W\u00e4rmebildkamera<\/strong><\/p>\n\n\n\n<p class=\"has-small-font-size\">Eine W\u00e4rmebildkamera nimmt jegliche W\u00e4rmestrahlung auf und gibt sie in einem zweidimensionalen Bild wieder. Dadurch kann sie sowohl im Brand, als auch im technischen Einsatz eingesetzt werden. Neben dem Hauptaufgabengebiet der Personensuche bei Brandeins\u00e4tzen und der Brandlokalisierung kann die WBK auch zur Detektion von undichten Gasflaschen oder bei der Menschenrettung im offenen Gel\u00e4nde eingesetzt werden.<\/p>\n<\/div><\/div>\n\n\n\n<p><\/p>\n\n\n\n<div class=\"wp-block-media-text alignwide is-stacked-on-mobile\"><figure class=\"wp-block-media-text__media\"><img loading=\"lazy\" decoding=\"async\" width=\"600\" height=\"900\" src=\"https:\/\/www.feuerwehr-matzen.at\/wp-content\/uploads\/2020\/09\/fanergy.jpg\" alt=\"\" class=\"wp-image-6536 size-full\" srcset=\"https:\/\/www.feuerwehr-matzen.at\/wp-content\/uploads\/2020\/09\/fanergy.jpg 600w, https:\/\/www.feuerwehr-matzen.at\/wp-content\/uploads\/2020\/09\/fanergy-133x200.jpg 133w\" sizes=\"auto, (max-width: 600px) 100vw, 600px\" \/><\/figure><div class=\"wp-block-media-text__content\">\n<p class=\"has-normal-font-size\"><strong>Hochleistungsl\u00fcfter<\/strong><\/p>\n\n\n\n<p class=\"has-small-font-size\">Der Hochleistungsl\u00fcfter oder auch Druckbel\u00fcfter wird verwendet um R\u00e4ume die mit Rauchgasen gef\u00fcllt sind zu bel\u00fcften. Auch in Stiegenh\u00e4usern findet der Druckbel\u00fcfter Anwendung. Hier wird im Stiegenhaus ein \u00dcberdruck erzeugt, sodass der Fluchtweg gegeben bleibt.<\/p>\n<\/div><\/div>\n","protected":false},"excerpt":{"rendered":"<p>Hydraulisches Rettungsger\u00e4t Das Hydraulik Aggregat der Firma Weber versorgt die hydr. Ger\u00e4te mit dem erforderlichen Betriebsdruck. Es wird durch einen Elektromotor angetrieben. Hydraulisches Schneideger\u00e4t Hydr. \u201cSchere\u201d wird verwendet um Fahrzeugteile zum Beispiel: die B-S\u00e4ule oder Teile der Seitent\u00fcre zu trennen. <a class=\"more-link\" href=\"https:\/\/www.feuerwehr-matzen.at\/?page_id=6845\">weiterlesen  <span class=\"screen-reader-text\">  Ausr\u00fcstung<\/span><span class=\"meta-nav\">&rarr;<\/span><\/a><\/p>\n","protected":false},"author":6,"featured_media":0,"parent":0,"menu_order":0,"comment_status":"closed","ping_status":"closed","template":"","meta":{"footnotes":""},"class_list":["post-6845","page","type-page","status-publish","hentry"],"_links":{"self":[{"href":"https:\/\/www.feuerwehr-matzen.at\/index.php?rest_route=\/wp\/v2\/pages\/6845","targetHints":{"allow":["GET"]}}],"collection":[{"href":"https:\/\/www.feuerwehr-matzen.at\/index.php?rest_route=\/wp\/v2\/pages"}],"about":[{"href":"https:\/\/www.feuerwehr-matzen.at\/index.php?rest_route=\/wp\/v2\/types\/page"}],"author":[{"embeddable":true,"href":"https:\/\/www.feuerwehr-matzen.at\/index.php?rest_route=\/wp\/v2\/users\/6"}],"replies":[{"embeddable":true,"href":"https:\/\/www.feuerwehr-matzen.at\/index.php?rest_route=%2Fwp%2Fv2%2Fcomments&post=6845"}],"version-history":[{"count":5,"href":"https:\/\/www.feuerwehr-matzen.at\/index.php?rest_route=\/wp\/v2\/pages\/6845\/revisions"}],"predecessor-version":[{"id":6862,"href":"https:\/\/www.feuerwehr-matzen.at\/index.php?rest_route=\/wp\/v2\/pages\/6845\/revisions\/6862"}],"wp:attachment":[{"href":"https:\/\/www.feuerwehr-matzen.at\/index.php?rest_route=%2Fwp%2Fv2%2Fmedia&parent=6845"}],"curies":[{"name":"wp","href":"https:\/\/api.w.org\/{rel}","templated":true}]}}