{"id":6852,"date":"2021-04-20T12:17:41","date_gmt":"2021-04-20T10:17:41","guid":{"rendered":"https:\/\/www.feuerwehr-matzen.at\/?page_id=6852"},"modified":"2024-02-19T09:09:50","modified_gmt":"2024-02-19T07:09:50","slug":"feurewehrhaus-test","status":"publish","type":"page","link":"https:\/\/www.feuerwehr-matzen.at\/?page_id=6852","title":{"rendered":"Feuerwehrhaus"},"content":{"rendered":"\n<div class=\"wp-block-media-text alignwide is-stacked-on-mobile\" style=\"grid-template-columns:38% auto\"><figure class=\"wp-block-media-text__media\"><img loading=\"lazy\" decoding=\"async\" width=\"1024\" height=\"683\" src=\"https:\/\/www.feuerwehr-matzen.at\/wp-content\/uploads\/2024\/02\/20240218_154932837_iOS-1024x683.jpg\" alt=\"\" class=\"wp-image-10864 size-full\" srcset=\"https:\/\/www.feuerwehr-matzen.at\/wp-content\/uploads\/2024\/02\/20240218_154932837_iOS-1024x683.jpg 1024w, https:\/\/www.feuerwehr-matzen.at\/wp-content\/uploads\/2024\/02\/20240218_154932837_iOS-300x200.jpg 300w, https:\/\/www.feuerwehr-matzen.at\/wp-content\/uploads\/2024\/02\/20240218_154932837_iOS-768x512.jpg 768w, https:\/\/www.feuerwehr-matzen.at\/wp-content\/uploads\/2024\/02\/20240218_154932837_iOS-1536x1024.jpg 1536w, https:\/\/www.feuerwehr-matzen.at\/wp-content\/uploads\/2024\/02\/20240218_154932837_iOS-2048x1365.jpg 2048w\" sizes=\"auto, (max-width: 1024px) 100vw, 1024px\" \/><\/figure><div class=\"wp-block-media-text__content\">\n<p class=\"has-normal-font-size\"><strong>Feuerwehrhaus<\/strong><br>Im Juli 2003 wurde das neue Feuerwehrhaus seiner Bestimmung \u00fcbergeben. In langj\u00e4hriger Bauzeit wurde eine Feuerwehrzentrale f\u00fcr die Zukunft errichtet.<\/p>\n<\/div><\/div>\n\n\n\n<p><\/p>\n\n\n\n<div class=\"wp-block-media-text alignwide is-stacked-on-mobile\" style=\"grid-template-columns:38% auto\"><figure class=\"wp-block-media-text__media\"><img loading=\"lazy\" decoding=\"async\" width=\"510\" height=\"383\" src=\"https:\/\/www.feuerwehr-matzen.at\/wp-content\/uploads\/2013\/07\/einsaztleitzentrale.jpg\" alt=\"\" class=\"wp-image-1569 size-full\" srcset=\"https:\/\/www.feuerwehr-matzen.at\/wp-content\/uploads\/2013\/07\/einsaztleitzentrale.jpg 510w, https:\/\/www.feuerwehr-matzen.at\/wp-content\/uploads\/2013\/07\/einsaztleitzentrale-300x225.jpg 300w\" sizes=\"auto, (max-width: 510px) 100vw, 510px\" \/><\/figure><div class=\"wp-block-media-text__content\">\n<p class=\"has-normal-font-size\"><strong><strong>Einsatzleitzenrale<\/strong><br><\/strong>Die Einsatzzentrale dient bei gro\u00dfen Eins\u00e4tzen (zB: Unwetterkatastrophen) als Einsatzleitung. In der Einsatzzentrale k\u00f6nnen im Bedarfsfall die Feuerwehr Matzen und weitere Einsatzkr\u00e4fte alarmiert werden.<\/p>\n<\/div><\/div>\n\n\n\n<p><\/p>\n\n\n\n<div class=\"wp-block-media-text alignwide is-stacked-on-mobile\" style=\"grid-template-columns:38% auto\"><figure class=\"wp-block-media-text__media\"><img loading=\"lazy\" decoding=\"async\" width=\"1024\" height=\"683\" src=\"https:\/\/www.feuerwehr-matzen.at\/wp-content\/uploads\/2024\/02\/20240218_155029830_iOS-1024x683.jpg\" alt=\"\" class=\"wp-image-10865 size-full\" srcset=\"https:\/\/www.feuerwehr-matzen.at\/wp-content\/uploads\/2024\/02\/20240218_155029830_iOS-1024x683.jpg 1024w, https:\/\/www.feuerwehr-matzen.at\/wp-content\/uploads\/2024\/02\/20240218_155029830_iOS-300x200.jpg 300w, https:\/\/www.feuerwehr-matzen.at\/wp-content\/uploads\/2024\/02\/20240218_155029830_iOS-768x512.jpg 768w, https:\/\/www.feuerwehr-matzen.at\/wp-content\/uploads\/2024\/02\/20240218_155029830_iOS-1536x1024.jpg 1536w, https:\/\/www.feuerwehr-matzen.at\/wp-content\/uploads\/2024\/02\/20240218_155029830_iOS-2048x1365.jpg 2048w\" sizes=\"auto, (max-width: 1024px) 100vw, 1024px\" \/><\/figure><div class=\"wp-block-media-text__content\">\n<p class=\"has-normal-font-size\"><strong><strong><strong>Fahrzeughalle 1<\/strong><br><\/strong><\/strong>Die Fahrzeughalle 1 bietet Platz f\u00fcr Kommandofahrzeug, LAST und die Abschleppachse. F\u00fcr die beiden Fahrzeuge steht jeweils eine externe Stromversorgung zur Verf\u00fcgung.<\/p>\n<\/div><\/div>\n\n\n\n<p><\/p>\n\n\n\n<div class=\"wp-block-media-text alignwide is-stacked-on-mobile\" style=\"grid-template-columns:38% auto\"><figure class=\"wp-block-media-text__media\"><img loading=\"lazy\" decoding=\"async\" width=\"1024\" height=\"683\" src=\"https:\/\/www.feuerwehr-matzen.at\/wp-content\/uploads\/2024\/02\/20240218_160129730_iOS-1024x683.jpg\" alt=\"\" class=\"wp-image-10878 size-full\" srcset=\"https:\/\/www.feuerwehr-matzen.at\/wp-content\/uploads\/2024\/02\/20240218_160129730_iOS-1024x683.jpg 1024w, https:\/\/www.feuerwehr-matzen.at\/wp-content\/uploads\/2024\/02\/20240218_160129730_iOS-300x200.jpg 300w, https:\/\/www.feuerwehr-matzen.at\/wp-content\/uploads\/2024\/02\/20240218_160129730_iOS-768x512.jpg 768w, https:\/\/www.feuerwehr-matzen.at\/wp-content\/uploads\/2024\/02\/20240218_160129730_iOS-1536x1024.jpg 1536w, https:\/\/www.feuerwehr-matzen.at\/wp-content\/uploads\/2024\/02\/20240218_160129730_iOS-2048x1365.jpg 2048w\" sizes=\"auto, (max-width: 1024px) 100vw, 1024px\" \/><\/figure><div class=\"wp-block-media-text__content\">\n<p class=\"has-normal-font-size\"><strong><strong><strong><strong>Fahrzeughalle 2<\/strong><br><\/strong><\/strong><\/strong>In der Fahrzeughalle 2 ist unser R\u00fcstl\u00f6schfahrzeug untergebracht. Dieses Fahrzeug wird extern mit Strom und Druckluft gespeist.<\/p>\n<\/div><\/div>\n\n\n\n<p><\/p>\n\n\n\n<div class=\"wp-block-media-text alignwide is-stacked-on-mobile\" style=\"grid-template-columns:38% auto\"><figure class=\"wp-block-media-text__media\"><img loading=\"lazy\" decoding=\"async\" width=\"1024\" height=\"683\" src=\"https:\/\/www.feuerwehr-matzen.at\/wp-content\/uploads\/2024\/02\/20240218_160129744_iOS-1024x683.jpg\" alt=\"\" class=\"wp-image-10879 size-full\" srcset=\"https:\/\/www.feuerwehr-matzen.at\/wp-content\/uploads\/2024\/02\/20240218_160129744_iOS-1024x683.jpg 1024w, https:\/\/www.feuerwehr-matzen.at\/wp-content\/uploads\/2024\/02\/20240218_160129744_iOS-300x200.jpg 300w, https:\/\/www.feuerwehr-matzen.at\/wp-content\/uploads\/2024\/02\/20240218_160129744_iOS-768x512.jpg 768w, https:\/\/www.feuerwehr-matzen.at\/wp-content\/uploads\/2024\/02\/20240218_160129744_iOS-1536x1024.jpg 1536w, https:\/\/www.feuerwehr-matzen.at\/wp-content\/uploads\/2024\/02\/20240218_160129744_iOS-2048x1365.jpg 2048w\" sizes=\"auto, (max-width: 1024px) 100vw, 1024px\" \/><\/figure><div class=\"wp-block-media-text__content\">\n<p class=\"has-normal-font-size\"><strong><strong><strong><strong><strong>Mannschaftsraum<\/strong><br><\/strong><\/strong><\/strong><\/strong>Unser Umkleideraum bietet Platz f\u00fcr die komplette Mannschaft. Jedes Mitglied verf\u00fcgt \u00fcber einen eigenen Spind, in den er seine gesamte Ausr\u00fcstung unterbringt<\/p>\n<\/div><\/div>\n\n\n\n<p><\/p>\n\n\n\n<div class=\"wp-block-media-text alignwide is-stacked-on-mobile\" style=\"grid-template-columns:38% auto\"><figure class=\"wp-block-media-text__media\"><img loading=\"lazy\" decoding=\"async\" width=\"1024\" height=\"683\" src=\"https:\/\/www.feuerwehr-matzen.at\/wp-content\/uploads\/2024\/02\/20240218_160034566_iOS-1024x683.jpg\" alt=\"\" class=\"wp-image-10874 size-full\" srcset=\"https:\/\/www.feuerwehr-matzen.at\/wp-content\/uploads\/2024\/02\/20240218_160034566_iOS-1024x683.jpg 1024w, https:\/\/www.feuerwehr-matzen.at\/wp-content\/uploads\/2024\/02\/20240218_160034566_iOS-300x200.jpg 300w, https:\/\/www.feuerwehr-matzen.at\/wp-content\/uploads\/2024\/02\/20240218_160034566_iOS-768x512.jpg 768w, https:\/\/www.feuerwehr-matzen.at\/wp-content\/uploads\/2024\/02\/20240218_160034566_iOS-1536x1024.jpg 1536w, https:\/\/www.feuerwehr-matzen.at\/wp-content\/uploads\/2024\/02\/20240218_160034566_iOS-2048x1365.jpg 2048w\" sizes=\"auto, (max-width: 1024px) 100vw, 1024px\" \/><\/figure><div class=\"wp-block-media-text__content\">\n<p class=\"has-normal-font-size\"><strong><strong><strong><strong><strong><strong>K\u00fcche<\/strong><br><\/strong><\/strong><\/strong><\/strong><\/strong>Die neue K\u00fcche dient als Versorgungsstelle bei gr\u00f6\u00dferen Eins\u00e4tzen und \u00dcbungen. Sie ist mit allen notwendigen Einrichtungen ausgestatten. <\/p>\n<\/div><\/div>\n\n\n\n<p><\/p>\n\n\n\n<div class=\"wp-block-media-text alignwide is-stacked-on-mobile\" style=\"grid-template-columns:38% auto\"><figure class=\"wp-block-media-text__media\"><img loading=\"lazy\" decoding=\"async\" width=\"1024\" height=\"683\" src=\"https:\/\/www.feuerwehr-matzen.at\/wp-content\/uploads\/2024\/02\/20240218_155855351_iOS-1024x683.jpg\" alt=\"\" class=\"wp-image-10872 size-full\" srcset=\"https:\/\/www.feuerwehr-matzen.at\/wp-content\/uploads\/2024\/02\/20240218_155855351_iOS-1024x683.jpg 1024w, https:\/\/www.feuerwehr-matzen.at\/wp-content\/uploads\/2024\/02\/20240218_155855351_iOS-300x200.jpg 300w, https:\/\/www.feuerwehr-matzen.at\/wp-content\/uploads\/2024\/02\/20240218_155855351_iOS-768x512.jpg 768w, https:\/\/www.feuerwehr-matzen.at\/wp-content\/uploads\/2024\/02\/20240218_155855351_iOS-1536x1024.jpg 1536w, https:\/\/www.feuerwehr-matzen.at\/wp-content\/uploads\/2024\/02\/20240218_155855351_iOS-2048x1365.jpg 2048w\" sizes=\"auto, (max-width: 1024px) 100vw, 1024px\" \/><\/figure><div class=\"wp-block-media-text__content\">\n<p class=\"has-normal-font-size\"><strong><strong><strong><strong><strong>Aufenthaltsraum<br><\/strong><\/strong><\/strong><\/strong><\/strong>Der neu renovierte Aufenthaltsraum bietet mehr Platz f\u00fcr unsere Kammeraden bei Nachbesprechungen und der Versorgung des leiblichen Wohles.<\/p>\n<\/div><\/div>\n\n\n\n<p> <\/p>\n\n\n\n<div class=\"wp-block-media-text alignwide is-stacked-on-mobile\" style=\"grid-template-columns:38% auto\"><figure class=\"wp-block-media-text__media\"><img loading=\"lazy\" decoding=\"async\" width=\"510\" height=\"383\" src=\"https:\/\/www.feuerwehr-matzen.at\/wp-content\/uploads\/2013\/08\/lehrsaal.jpg\" alt=\"\" class=\"wp-image-2789 size-full\" srcset=\"https:\/\/www.feuerwehr-matzen.at\/wp-content\/uploads\/2013\/08\/lehrsaal.jpg 510w, https:\/\/www.feuerwehr-matzen.at\/wp-content\/uploads\/2013\/08\/lehrsaal-266x200.jpg 266w\" sizes=\"auto, (max-width: 510px) 100vw, 510px\" \/><\/figure><div class=\"wp-block-media-text__content\">\n<p class=\"has-normal-font-size\"><strong><strong><strong><strong><strong><strong><strong>Lehrsaal<\/strong><br><\/strong><\/strong><\/strong><\/strong><\/strong><\/strong>Der Lehrsaal wird f\u00fcr Besprechungen und Winterschulungen verwendet. Weiters wird hier der theoretische Teil der Grundausbildung gelehrt. Dieser Raum ist mit modernsten Schulungsger\u00e4tschaften ausgestattet. (Beamer, Computer, Fernseher)<\/p>\n<\/div><\/div>\n\n\n\n<p><\/p>\n\n\n\n<div class=\"wp-block-media-text alignwide is-stacked-on-mobile\" style=\"grid-template-columns:38% auto\"><figure class=\"wp-block-media-text__media\"><img loading=\"lazy\" decoding=\"async\" width=\"510\" height=\"383\" src=\"https:\/\/www.feuerwehr-matzen.at\/wp-content\/uploads\/2013\/07\/kalt.jpg\" alt=\"\" class=\"wp-image-1573 size-full\" srcset=\"https:\/\/www.feuerwehr-matzen.at\/wp-content\/uploads\/2013\/07\/kalt.jpg 510w, https:\/\/www.feuerwehr-matzen.at\/wp-content\/uploads\/2013\/07\/kalt-300x225.jpg 300w\" sizes=\"auto, (max-width: 510px) 100vw, 510px\" \/><\/figure><div class=\"wp-block-media-text__content\">\n<p class=\"has-normal-font-size\"><strong><strong><strong><strong><strong><strong><strong><strong>Kaltgarage<\/strong><br><\/strong><\/strong><\/strong><\/strong><\/strong><\/strong><\/strong>In der Kaltgarage befinden sich Reserveger\u00e4tschaften sowie die Schlauchtrockenanlage. Es ist auch m\u00f6glich hier kleine Einsatzfahrzeuge unterzustellen. Hier ist auch unser Einachsanh\u00e4nger untergebracht.<\/p>\n<\/div><\/div>\n\n\n\n<p><\/p>\n\n\n\n<div class=\"wp-block-media-text alignwide is-stacked-on-mobile\" style=\"grid-template-columns:38% auto\"><figure class=\"wp-block-media-text__media\"><img loading=\"lazy\" decoding=\"async\" width=\"510\" height=\"383\" src=\"https:\/\/www.feuerwehr-matzen.at\/wp-content\/uploads\/2013\/07\/werkst.jpg\" alt=\"\" class=\"wp-image-1577 size-full\" srcset=\"https:\/\/www.feuerwehr-matzen.at\/wp-content\/uploads\/2013\/07\/werkst.jpg 510w, https:\/\/www.feuerwehr-matzen.at\/wp-content\/uploads\/2013\/07\/werkst-300x225.jpg 300w\" sizes=\"auto, (max-width: 510px) 100vw, 510px\" \/><\/figure><div class=\"wp-block-media-text__content\">\n<p class=\"has-normal-font-size\"><strong><strong><strong><strong><strong><strong><strong><strong><strong>Werkstatt<\/strong><br><\/strong><\/strong><\/strong><\/strong><\/strong><\/strong><\/strong><\/strong>Die Werkstatt ist ein Teil der Kaltgarage und wird f\u00fcr kleinere Reparaturen und im Zuge der Wartung von Ger\u00e4tschaften verwendet. Au\u00dferdem befindet sich hier auch eine Installationstrasse, welche die Reparaturen an den Fahrzeugen erleichtert.<\/p>\n<\/div><\/div>\n\n\n\n<p><\/p>\n\n\n\n<div class=\"wp-block-media-text alignwide is-stacked-on-mobile\" style=\"grid-template-columns:38% auto\"><figure class=\"wp-block-media-text__media\"><img loading=\"lazy\" decoding=\"async\" width=\"510\" height=\"383\" src=\"https:\/\/www.feuerwehr-matzen.at\/wp-content\/uploads\/2013\/07\/innenhof.jpg\" alt=\"\" class=\"wp-image-1572 size-full\" srcset=\"https:\/\/www.feuerwehr-matzen.at\/wp-content\/uploads\/2013\/07\/innenhof.jpg 510w, https:\/\/www.feuerwehr-matzen.at\/wp-content\/uploads\/2013\/07\/innenhof-300x225.jpg 300w\" sizes=\"auto, (max-width: 510px) 100vw, 510px\" \/><\/figure><div class=\"wp-block-media-text__content\">\n<p class=\"has-normal-font-size\"><strong><strong><strong><strong><strong>Innenhof<\/strong><br><\/strong><\/strong><\/strong><\/strong>Der Innenhof bietet den Feuerwehrmitgliedern reichlich Platz um ihr Ausbildungsniveau, durch die notwendigen \u00dcbungen und Schulungen, zu erh\u00f6hen. Au\u00dferdem k\u00f6nnen im Innenhof Fahrzeuge sichergestellt werden.<\/p>\n<\/div><\/div>\n\n\n\n<p><\/p>\n\n\n\n<p>Weiters befinden sich in unserem Feuerwehrhaus getrennte Toiletten und Sanit\u00e4ranlagen f\u00fcr unsere Feuerwehrm\u00e4nner und Feuerwehrfrauen. Ebenfalls gibt es ein Lager und einen ger\u00e4umigen Dachboden wo diverse Materialien und Gegenst\u00e4nde f\u00fcr den Nachschub gelagert werden.<\/p>\n","protected":false},"excerpt":{"rendered":"<p>FeuerwehrhausIm Juli 2003 wurde das neue Feuerwehrhaus seiner Bestimmung \u00fcbergeben. In langj\u00e4hriger Bauzeit wurde eine Feuerwehrzentrale f\u00fcr die Zukunft errichtet. EinsatzleitzenraleDie Einsatzzentrale dient bei gro\u00dfen Eins\u00e4tzen (zB: Unwetterkatastrophen) als Einsatzleitung. In der Einsatzzentrale k\u00f6nnen im Bedarfsfall die Feuerwehr Matzen und <a class=\"more-link\" href=\"https:\/\/www.feuerwehr-matzen.at\/?page_id=6852\">weiterlesen  <span class=\"screen-reader-text\">  Feuerwehrhaus<\/span><span class=\"meta-nav\">&rarr;<\/span><\/a><\/p>\n","protected":false},"author":6,"featured_media":0,"parent":0,"menu_order":0,"comment_status":"closed","ping_status":"closed","template":"","meta":{"footnotes":""},"class_list":["post-6852","page","type-page","status-publish","hentry"],"_links":{"self":[{"href":"https:\/\/www.feuerwehr-matzen.at\/index.php?rest_route=\/wp\/v2\/pages\/6852","targetHints":{"allow":["GET"]}}],"collection":[{"href":"https:\/\/www.feuerwehr-matzen.at\/index.php?rest_route=\/wp\/v2\/pages"}],"about":[{"href":"https:\/\/www.feuerwehr-matzen.at\/index.php?rest_route=\/wp\/v2\/types\/page"}],"author":[{"embeddable":true,"href":"https:\/\/www.feuerwehr-matzen.at\/index.php?rest_route=\/wp\/v2\/users\/6"}],"replies":[{"embeddable":true,"href":"https:\/\/www.feuerwehr-matzen.at\/index.php?rest_route=%2Fwp%2Fv2%2Fcomments&post=6852"}],"version-history":[{"count":4,"href":"https:\/\/www.feuerwehr-matzen.at\/index.php?rest_route=\/wp\/v2\/pages\/6852\/revisions"}],"predecessor-version":[{"id":10880,"href":"https:\/\/www.feuerwehr-matzen.at\/index.php?rest_route=\/wp\/v2\/pages\/6852\/revisions\/10880"}],"wp:attachment":[{"href":"https:\/\/www.feuerwehr-matzen.at\/index.php?rest_route=%2Fwp%2Fv2%2Fmedia&parent=6852"}],"curies":[{"name":"wp","href":"https:\/\/api.w.org\/{rel}","templated":true}]}}