{"id":6854,"date":"2021-04-20T12:19:51","date_gmt":"2021-04-20T10:19:51","guid":{"rendered":"https:\/\/www.feuerwehr-matzen.at\/?page_id=6854"},"modified":"2021-04-25T21:17:27","modified_gmt":"2021-04-25T19:17:27","slug":"spenden","status":"publish","type":"page","link":"https:\/\/www.feuerwehr-matzen.at\/?page_id=6854","title":{"rendered":"Spenden"},"content":{"rendered":"\n<p>Warum eigentlich Spenden?<\/p>\n\n\n\n<p>Das ist wohl eine gute Frage. Unsere Feuerwehr Matzen ist, wie die meisten Feuerwehren in \u00d6sterreich, eine Freiwillige Feuerwehr. Sie besteht aus zahlreichen Bewohnern des Ortes , die \u2013 freiwillig und somit unbezahlt \u2013 f\u00fcr das Wohl aller anderen sorgen und in Not geratenen Menschen helfen.<\/p>\n\n\n\n<p>Die Freiwillige Feuerwehr Matzen ist eine K\u00f6rperschaft \u00f6ffentlichen Rechts und ist deshalb verpflichtet sich an gesetzliche Bestimmungen zu halten. So wird z.B. Schutzbekleidungsstandard oder Mindestausr\u00fcstung vorgeschrieben. Unsere Ausr\u00fcstung muss auch regelm\u00e4\u00dfig gewartet und \u00fcberpr\u00fcft werden. Einige Ausr\u00fcstungsgegenst\u00e4nde (Schl\u00e4uche, Seile, Zugmittel etc.) haben eine begrenzte Lebensdauer und m\u00fcssen deshalb von Gesetzes wegen in periodischen Abst\u00e4nden erneuert werden.<\/p>\n\n\n\n<p>Die Anforderungen an die Feuerwehr und auch die verwendeten Ger\u00e4te und Gegenst\u00e4nde haben sich \u00fcber die Jahre hinweg sehr ver\u00e4ndert. Ohne moderne technische Ausr\u00fcstung kann einerseits der positive Einsatz und kann andererseits der pers\u00f6nliche Schutz der Feuerwehrkameradinnen und \u2013 kameraden nicht ausreichend gew\u00e4hrleistet werden.<\/p>\n\n\n\n<p>Was es bedeutet Feuerwehrfrau\/Feuerwehrmann zu sein ist leicht erkl\u00e4rt. Wir sind zu jeder Tages- und Nachtzeit, an jedem Tag der Woche (also auch am Wochenende) bereit unentgeltlich zu helfen. Um es uns auch in Zukunft zu erm\u00f6glichen, unseren Mitmenschen \u2013 und vielleicht auch eines Tages Ihnen \u2013 optimal helfen zu k\u00f6nnen, ben\u00f6tigen wir Ihre Spenden, damit wir notwendige Ausr\u00fcstung und Ger\u00e4te ankaufen k\u00f6nnen.<\/p>\n\n\n\n<p>Wir sind zu jeder Zeit bereit, f\u00fcr Sie durchs Feuer zu gehen und auch unsere Gesundheit zu riskieren &#8211; um Ihnen zu helfen!!<\/p>\n\n\n\n<p>Wir hoffen, dass auch Sie bereit sind, unsere Sicherheit zu erh\u00f6hen, indem Sie uns durch Ihre Spende beim Ankauf erforderlicher Rettungsger\u00e4te unterst\u00fctzen.<\/p>\n\n\n\n<p><strong>Bankverbindung<\/strong><\/p>\n\n\n\n<p class=\"has-large-font-size\">IBAN: <strong>AT35 3209 2000 0051 5809<\/strong><\/p>\n\n\n\n<p><\/p>\n\n\n\n<p><\/p>\n\n\n\n<p><strong>Steuerliche Absetzbarkeit<\/strong><\/p>\n\n\n\n<p>Nat\u00fcrlich ist Ihre Spende an die Freiwillige Feuerwehr Matzen von der Steuer absetzbar. Dies ist sowohl f\u00fcr Privatpersonen als auch Unternehmen m\u00f6glich. Die Spende wird durch die Freiwillige Feuerwehr an das Finanzamt gemeldet und somit automatisch bei Ihrer n\u00e4chsten Steuererkl\u00e4rung steuermindernd ber\u00fccksichtigt.&nbsp;<\/p>\n\n\n\n<p>F\u00fcr die Spendenmeldung werden von Ihnen folgende Daten ben\u00f6tigt:<\/p>\n\n\n\n<ul class=\"wp-block-list\"><li>Vor- und Nachname<\/li><li>Geburtsdatum<\/li><\/ul>\n\n\n\n<p>Die Spender k\u00f6nnen w\u00e4hrend eines Kalenderjahres bis zu 10% ihres jeweiligen Einkommens des Vorjahres (Netto nach Abzug Sozialversicherung, sonstiger Werbungskosten und Sonderausgaben, aber vor Abzug von Lohn-\u00ad und Einkommensteuer) steuerbeg\u00fcnstigt spenden. Bei Unternehmen sind bis zu 10&nbsp;Prozent des Gewinns (vor Ber\u00fccksichtigung des Gewinnfreibetrages) als Betriebsausgaben abzugsf\u00e4hig.&nbsp;Achtung: In diese 10% sind alle Spenden an spendenbeg\u00fcnstigte Organisationen zusammen zu rechnen.<\/p>\n\n\n\n<p>Es sind Spenden beg\u00fcnstigt, die ab dem 1. J\u00e4nner 2012 gegeben werden. Den Spendern kann eine Spendenquittung ausgestellt werden.<\/p>\n","protected":false},"excerpt":{"rendered":"<p>Warum eigentlich Spenden? Das ist wohl eine gute Frage. Unsere Feuerwehr Matzen ist, wie die meisten Feuerwehren in \u00d6sterreich, eine Freiwillige Feuerwehr. Sie besteht aus zahlreichen Bewohnern des Ortes , die \u2013 freiwillig und somit unbezahlt \u2013 f\u00fcr das Wohl <a class=\"more-link\" href=\"https:\/\/www.feuerwehr-matzen.at\/?page_id=6854\">weiterlesen  <span class=\"screen-reader-text\">  Spenden<\/span><span class=\"meta-nav\">&rarr;<\/span><\/a><\/p>\n","protected":false},"author":6,"featured_media":0,"parent":0,"menu_order":0,"comment_status":"closed","ping_status":"closed","template":"","meta":{"footnotes":""},"class_list":["post-6854","page","type-page","status-publish","hentry"],"_links":{"self":[{"href":"https:\/\/www.feuerwehr-matzen.at\/index.php?rest_route=\/wp\/v2\/pages\/6854","targetHints":{"allow":["GET"]}}],"collection":[{"href":"https:\/\/www.feuerwehr-matzen.at\/index.php?rest_route=\/wp\/v2\/pages"}],"about":[{"href":"https:\/\/www.feuerwehr-matzen.at\/index.php?rest_route=\/wp\/v2\/types\/page"}],"author":[{"embeddable":true,"href":"https:\/\/www.feuerwehr-matzen.at\/index.php?rest_route=\/wp\/v2\/users\/6"}],"replies":[{"embeddable":true,"href":"https:\/\/www.feuerwehr-matzen.at\/index.php?rest_route=%2Fwp%2Fv2%2Fcomments&post=6854"}],"version-history":[{"count":6,"href":"https:\/\/www.feuerwehr-matzen.at\/index.php?rest_route=\/wp\/v2\/pages\/6854\/revisions"}],"predecessor-version":[{"id":6986,"href":"https:\/\/www.feuerwehr-matzen.at\/index.php?rest_route=\/wp\/v2\/pages\/6854\/revisions\/6986"}],"wp:attachment":[{"href":"https:\/\/www.feuerwehr-matzen.at\/index.php?rest_route=%2Fwp%2Fv2%2Fmedia&parent=6854"}],"curies":[{"name":"wp","href":"https:\/\/api.w.org\/{rel}","templated":true}]}}