{"id":752,"date":"2013-06-27T22:13:28","date_gmt":"2013-06-27T20:13:28","guid":{"rendered":"http:\/\/www.gobolino.at\/feuerwehr\/?page_id=752"},"modified":"2020-09-18T14:15:45","modified_gmt":"2020-09-18T12:15:45","slug":"2010-2","status":"publish","type":"page","link":"https:\/\/www.feuerwehr-matzen.at\/?page_id=752","title":{"rendered":"\u00dcbungen 2010"},"content":{"rendered":"<table style=\"table-layout: fixed; text-align: left;\" border=\"0\">\n<tbody>\n<tr>\n<th class=\"ffdatum\">13. Dezember<\/th>\n<td class=\"fftext\">Monats\u00fcbung &#8211; G\u00e4rgasunfall<\/td>\n<td class=\"fffoto\"><a title=\"13. Dezember 2010\" href=\"https:\/\/www.feuerwehr-matzen.at\/?page_id=1434\"><img decoding=\"async\" alt=\"Bericht und Fotos\" src=\"https:\/\/www.feuerwehr-matzen.at\/wp-content\/uploads\/2013\/07\/bericht_bilder.png\" \/><\/a><\/td>\n<\/tr>\n<tr>\n<th class=\"ffdatum\">04. November<\/th>\n<td class=\"fftext\">Ausbildungspr\u00fcfung L\u00f6scheinsatz<\/td>\n<td class=\"fffoto\"><\/td>\n<\/tr>\n<tr>\n<th class=\"ffdatum\">30. November<\/th>\n<td class=\"fftext\">Funk\u00fcbung<\/td>\n<td class=\"fffoto\"><\/td>\n<\/tr>\n<tr>\n<th class=\"ffdatum\">20. November<\/th>\n<td class=\"fftext\">Brandhaus LFS N\u00d6<\/td>\n<td class=\"fffoto\"><a title=\"20. November 2010\" href=\"https:\/\/www.feuerwehr-matzen.at\/?page_id=1432\"><img decoding=\"async\" alt=\"Bericht und Fotos\" src=\"https:\/\/www.feuerwehr-matzen.at\/wp-content\/uploads\/2013\/07\/bericht_bilder.png\" \/><\/a><\/td>\n<\/tr>\n<tr>\n<th class=\"ffdatum\">08. Oktober<\/th>\n<td class=\"fftext\">Monats\u00fcbung &#8211; PKW gegen Baum<\/td>\n<td class=\"fffoto\"><a title=\"07. Oktober 2010\" href=\"https:\/\/www.feuerwehr-matzen.at\/?page_id=1430\"><img decoding=\"async\" alt=\"Bericht und Fotos\" src=\"https:\/\/www.feuerwehr-matzen.at\/wp-content\/uploads\/2013\/07\/bericht_bilder.png\" \/><\/a><\/td>\n<\/tr>\n<tr>\n<th class=\"ffdatum\">24. September<\/th>\n<td class=\"fftext\">Brand in der Lebenshilfe<\/td>\n<td class=\"fffoto\"><a title=\"24. September 2010\" href=\"https:\/\/www.feuerwehr-matzen.at\/?page_id=1428\"><img decoding=\"async\" alt=\"Bericht und Fotos\" src=\"https:\/\/www.feuerwehr-matzen.at\/wp-content\/uploads\/2013\/07\/bericht_bilder.png\" \/><\/a><\/td>\n<\/tr>\n<tr>\n<th class=\"ffdatum\">19. Juni<\/th>\n<td class=\"fftext\">Gasbrandbek\u00e4mpfung Praxisteil<\/td>\n<td class=\"fffoto\"><a title=\"19. Juni 2010\" href=\"https:\/\/www.feuerwehr-matzen.at\/?page_id=1426\"><img decoding=\"async\" alt=\"Bericht und Fotos\" src=\"https:\/\/www.feuerwehr-matzen.at\/wp-content\/uploads\/2013\/07\/bericht_bilder.png\" \/><\/a><\/td>\n<\/tr>\n<tr>\n<th class=\"ffdatum\">08. Mai<\/th>\n<td class=\"fftext\">Brand im KIJUB<\/td>\n<td class=\"fffoto\"><a title=\"08. Mai 2010\" href=\"https:\/\/www.feuerwehr-matzen.at\/?page_id=1424\"><img decoding=\"async\" alt=\"Bericht und Fotos\" src=\"https:\/\/www.feuerwehr-matzen.at\/wp-content\/uploads\/2013\/07\/bericht_bilder.png\" \/><\/a><\/td>\n<\/tr>\n<tr>\n<th class=\"ffdatum\">30. April<\/th>\n<td class=\"fftext\">Einsatz\u00fcbung in G\u00e4nserndorf<\/td>\n<td class=\"fffoto\"><a title=\"30. April 2010\" href=\"https:\/\/www.feuerwehr-matzen.at\/?page_id=1422\"><img decoding=\"async\" alt=\"Bericht und Fotos\" src=\"https:\/\/www.feuerwehr-matzen.at\/wp-content\/uploads\/2013\/07\/bericht_bilder.png\" \/><\/a><\/td>\n<\/tr>\n<tr>\n<th class=\"ffdatum\">10. April<\/th>\n<td class=\"fftext\">Maschinistenschulung<\/td>\n<td class=\"fffoto\"><a title=\"10. April 2010\" href=\"https:\/\/www.feuerwehr-matzen.at\/?page_id=1420\"><img decoding=\"async\" alt=\"Bericht und Fotos\" src=\"https:\/\/www.feuerwehr-matzen.at\/wp-content\/uploads\/2013\/07\/bericht_bilder.png\" \/><\/a><\/td>\n<\/tr>\n<tr>\n<th class=\"ffdatum\">03. April<\/th>\n<td class=\"fftext\">Monats\u00fcbung &#8211; Forstunfall<\/td>\n<td class=\"fffoto\"><a title=\"03. April 2010\" href=\"https:\/\/www.feuerwehr-matzen.at\/?page_id=1414\"><img decoding=\"async\" alt=\"Bericht und Fotos\" src=\"https:\/\/www.feuerwehr-matzen.at\/wp-content\/uploads\/2013\/07\/bericht_bilder.png\" \/><\/a><\/td>\n<\/tr>\n<tr>\n<th class=\"ffdatum\">25. M\u00e4rz<\/th>\n<td class=\"fftext\">Atemschutz\u00fcbungsstrecke G\u00e4nserndorf<\/td>\n<td class=\"fffoto\"><a title=\"25. M\u00e4rz 2010\" href=\"https:\/\/www.feuerwehr-matzen.at\/?page_id=1412\"><img decoding=\"async\" alt=\"Bericht und Fotos\" src=\"https:\/\/www.feuerwehr-matzen.at\/wp-content\/uploads\/2013\/07\/bericht_bilder.png\" \/><\/a><\/td>\n<\/tr>\n<tr>\n<th class=\"ffdatum\">06. M\u00e4rz<\/th>\n<td class=\"fftext\">Monats\u00fcbung &#8211; Retten aus H\u00f6hen und Tiefen<\/td>\n<td class=\"fffoto\"><a title=\"06. M\u00e4rz 2010\" href=\"https:\/\/www.feuerwehr-matzen.at\/?page_id=1410\"><img decoding=\"async\" alt=\"Bericht und Fotos\" src=\"https:\/\/www.feuerwehr-matzen.at\/wp-content\/uploads\/2013\/07\/bericht_bilder.png\" \/><\/a><\/td>\n<\/tr>\n<tr>\n<th class=\"ffdatum\">26. Februar<\/th>\n<td class=\"fftext\">Gasbrandbek\u00e4mpfung Theorieteil<\/td>\n<td class=\"fffoto\"><a title=\"26. Februar 2010\" href=\"https:\/\/www.feuerwehr-matzen.at\/?page_id=1406\"><img decoding=\"async\" alt=\"Bericht und Fotos\" src=\"https:\/\/www.feuerwehr-matzen.at\/wp-content\/uploads\/2013\/07\/bericht_bilder.png\" \/><\/a><\/td>\n<\/tr>\n<\/tbody>\n<\/table>\n<style><!--\n.ffdatum{width:30%; padding-left:20px; vertical-align:middle;}\n.fftext{width:60%px; padding-left:5px; vertical-align:middle;}\n.fffoto{width:10%; vertical-align:middle;}\n--><\/style>\n","protected":false},"excerpt":{"rendered":"<p>13. Dezember Monats\u00fcbung &#8211; G\u00e4rgasunfall 04. November Ausbildungspr\u00fcfung L\u00f6scheinsatz 30. November Funk\u00fcbung 20. November Brandhaus LFS N\u00d6 08. Oktober Monats\u00fcbung &#8211; PKW gegen Baum 24. September Brand in der Lebenshilfe 19. Juni Gasbrandbek\u00e4mpfung Praxisteil 08. Mai Brand im KIJUB 30. <a class=\"more-link\" href=\"https:\/\/www.feuerwehr-matzen.at\/?page_id=752\">weiterlesen  <span class=\"screen-reader-text\">  \u00dcbungen 2010<\/span><span class=\"meta-nav\">&rarr;<\/span><\/a><\/p>\n","protected":false},"author":6,"featured_media":0,"parent":0,"menu_order":0,"comment_status":"closed","ping_status":"closed","template":"","meta":{"footnotes":""},"class_list":["post-752","page","type-page","status-publish","hentry"],"_links":{"self":[{"href":"https:\/\/www.feuerwehr-matzen.at\/index.php?rest_route=\/wp\/v2\/pages\/752","targetHints":{"allow":["GET"]}}],"collection":[{"href":"https:\/\/www.feuerwehr-matzen.at\/index.php?rest_route=\/wp\/v2\/pages"}],"about":[{"href":"https:\/\/www.feuerwehr-matzen.at\/index.php?rest_route=\/wp\/v2\/types\/page"}],"author":[{"embeddable":true,"href":"https:\/\/www.feuerwehr-matzen.at\/index.php?rest_route=\/wp\/v2\/users\/6"}],"replies":[{"embeddable":true,"href":"https:\/\/www.feuerwehr-matzen.at\/index.php?rest_route=%2Fwp%2Fv2%2Fcomments&post=752"}],"version-history":[{"count":21,"href":"https:\/\/www.feuerwehr-matzen.at\/index.php?rest_route=\/wp\/v2\/pages\/752\/revisions"}],"predecessor-version":[{"id":5843,"href":"https:\/\/www.feuerwehr-matzen.at\/index.php?rest_route=\/wp\/v2\/pages\/752\/revisions\/5843"}],"wp:attachment":[{"href":"https:\/\/www.feuerwehr-matzen.at\/index.php?rest_route=%2Fwp%2Fv2%2Fmedia&parent=752"}],"curies":[{"name":"wp","href":"https:\/\/api.w.org\/{rel}","templated":true}]}}